{"id":5789,"date":"2017-12-15T17:42:15","date_gmt":"2017-12-15T16:42:15","guid":{"rendered":"https:\/\/www.cjs.ch\/unsere-werkzeuge\/"},"modified":"2025-02-06T21:36:01","modified_gmt":"2025-02-06T20:36:01","slug":"unsere-werkzeuge","status":"publish","type":"page","link":"https:\/\/www.cjs.ch\/de\/unsere-werkzeuge\/","title":{"rendered":"Unsere Werkzeuge"},"content":{"rendered":"\n\n\t<section class=\"section dark has-parallax\" id=\"section_1234706225\">\n\t\t<div class=\"section-bg fill\" data-parallax-container=\".section\" data-parallax-background data-parallax=\"-3\">\n\t\t\t<img loading=\"lazy\" decoding=\"async\" width=\"2048\" height=\"2560\" src=\"https:\/\/www.cjs.ch\/wp-content\/uploads\/2024\/06\/cjs_visuels2-scaled.jpg\" class=\"bg attachment-original size-original\" alt=\"\" \/>\t\t\t\t\t\t\n\t\t\t\n\t<div class=\"is-border\"\n\t\tstyle=\"border-width:1px 0px 1px 0px;\">\n\t<\/div>\n\n\t\t<\/div>\n\n\t\t\n\n\t\t<div class=\"section-content relative\">\n\t\t\t\n\n<div class=\"row row-large align-middle\"  id=\"row-644583713\">\n\n\n\t<div id=\"col-2014859416\" class=\"col medium-6 small-12 large-6\"  data-animate=\"bounceIn\">\n\t\t\t\t<div class=\"col-inner\"  >\n\t\t\t\n\t\t\t\n\n\n\t\t<\/div>\n\t\t\t\t\n<style>\n#col-2014859416 > .col-inner {\n  padding: 30px 30px 30px 30px;\n}\n<\/style>\n\t<\/div>\n\n\t\n\n\t<div id=\"col-1422664703\" class=\"col medium-6 small-12 large-6\"  >\n\t\t\t\t<div class=\"col-inner text-left\"  >\n\t\t\t\n\t\t\t\n\n\t<div id=\"text-448472466\" class=\"text\">\n\t\t\n\n<h2><span style=\"font-size: 100%;\">Sparen Sie Zeit<\/span><\/h2>\n<h3 class=\"thin-font\">Ein schwieriges Gesch\u00e4ft st\u00e4ndig neu zu \u00fcberdenken. Unsere Leistung steigern, indem wir immer nach neuen L\u00f6sungen suchen. Wir sind st\u00e4ndig in Bewegung.  <\/h3>\n\t\t\n<style>\n#text-448472466 {\n  line-height: 1;\n}\n<\/style>\n\t<\/div>\n\t\n\n\t\t<\/div>\n\t\t\t\t\t<\/div>\n\n\t\n\n<\/div>\n\n\t\t<\/div>\n\n\t\t\n<style>\n#section_1234706225 {\n  padding-top: 30px;\n  padding-bottom: 30px;\n  min-height: 600px;\n}\n<\/style>\n\t<\/section>\n\t\n\n\t<section class=\"section has-mask mask-angled-right-large\" id=\"section_682159520\">\n\t\t<div class=\"section-bg fill\" >\n\t\t\t\t\t\t\t\t\t\n\t\t\t\n\n\t\t<\/div>\n\n\t\t\n\n\t\t<div class=\"section-content relative\">\n\t\t\t\n\n<div class=\"row row-collapse align-middle\"  id=\"row-935156226\">\n\n\n\t<div id=\"col-1929689573\" class=\"col medium-11 large-11\"  >\n\t\t\t\t<div class=\"col-inner\"  >\n\t\t\t\n\t\t\t\n\n<h2>L\u00f6sungen<\/h2>\n<p>Unsere L\u00f6sungen rund um das Inkasso vereinfachen Ihre Arbeit, senken Ihre Kosten und erh\u00f6hen Ihre Erfolgschancen.<\/p>\n<p>L\u00f6sungen f\u00fcr den Datenaustausch \u00fcber Dateien oder APIs gibt es f\u00fcr die meisten Softwareprodukte auf dem Markt: Abacus, Cresus, Echino, Handylife, MyAccessWeb, PathoWin, Pulse Medica, Sage, SAP, Winbiz, Tangerine, &#8230;<\/p>\n<p>Wir haben auch exklusive Werkzeuge entwickelt, um die Rentabilit\u00e4t Ihrer Aktivit\u00e4ten zu verbessern.<\/p>\n<div class=\"container section-title-container\" ><h3 class=\"section-title section-title-normal\"><b><\/b><span class=\"section-title-main\" >Cockpit<\/span><b><\/b><\/h3><\/div>\n\n<p>Ein Online-Informationssystem, das Ihnen Zugang zu Ihren Akten bis ins kleinste Detail erm\u00f6glicht.  <\/p>\n<div class=\"container section-title-container\" ><h3 class=\"section-title section-title-normal\"><b><\/b><span class=\"section-title-main\" >CountMaster<\/span><b><\/b><\/h3><\/div>\n\n<p>Ein Berechnungstool, mit dessen Hilfe Sie entscheiden k\u00f6nnen, ob Sie ein Gerichtsverfahren einleiten sollten oder nicht.  <\/p>\n\n\t\t<\/div>\n\t\t\t\t\n<style>\n#col-1929689573 > .col-inner {\n  padding: 60px 60px 60px 60px;\n}\n<\/style>\n\t<\/div>\n\n\t\n\n<\/div>\n\n\t\t<\/div>\n\n\t\t\n<style>\n#section_682159520 {\n  padding-top: 60px;\n  padding-bottom: 60px;\n  background-color: rgb(255,255,255);\n}\n<\/style>\n\t<\/section>\n\t\n\n\t<section class=\"section\" id=\"section_2111956959\">\n\t\t<div class=\"section-bg fill\" >\n\t\t\t\t\t\t\t\t\t<div class=\"section-bg-overlay absolute fill\"><\/div>\n\t\t\t\n\n\t\t<\/div>\n\n\t\t\n\n\t\t<div class=\"section-content relative\">\n\t\t\t\n\n<div class=\"row row-large align-middle\"  id=\"row-1548681947\">\n\n\n\t<div id=\"col-1669930139\" class=\"col medium-6 small-12 large-6\"  >\n\t\t\t\t<div class=\"col-inner text-left box-shadow-1 box-shadow-3-hover\"  >\n\t\t\t\n\t\t\t\n\n\n  <div class=\"banner has-hover\" id=\"banner-1351779302\">\n          <div class=\"banner-inner fill\">\n        <div class=\"banner-bg fill\" >\n            <img loading=\"lazy\" decoding=\"async\" width=\"1020\" height=\"573\" src=\"https:\/\/www.cjs.ch\/wp-content\/uploads\/2023\/06\/2-2-1030x579.jpg\" class=\"bg attachment-large size-large\" alt=\"\" \/>                        <div class=\"overlay\"><\/div>            \n                    <\/div>\n\t\t\n        <div class=\"banner-layers container\">\n            <div class=\"fill banner-link\"><\/div>            \n\n   <div id=\"text-box-139850771\" class=\"text-box banner-layer x50 md-x50 lg-x50 y90 md-y90 lg-y90 res-text\">\n                                <div class=\"text-box-content text dark\">\n              \n              <div class=\"text-inner text-left\">\n                  \n\n<h2 class=\"uppercase\"><strong>Cockpit\u00a9<\/strong><\/h2>\n<a href=\"https:\/\/www.cjs.ch\/solutions\/cockpit\/\" class=\"button white is-underline is-xlarge lowercase\"  >\n\t\t<span>Entdecken Sie<\/span>\n\t<\/a>\n\n\n\n              <\/div>\n           <\/div>\n                            \n<style>\n#text-box-139850771 {\n  width: 80%;\n}\n#text-box-139850771 .text-box-content {\n  font-size: 100%;\n}\n<\/style>\n    <\/div>\n \n\n        <\/div>\n      <\/div>\n\n            \n<style>\n#banner-1351779302 {\n  padding-top: 400px;\n}\n#banner-1351779302 .overlay {\n  background-color: rgba(0, 0, 0, 0.2);\n}\n<\/style>\n  <\/div>\n\n\n\n\t\t<\/div>\n\t\t\t\t\t<\/div>\n\n\t\n\n\t<div id=\"col-12461371\" class=\"col medium-6 small-12 large-6\"  >\n\t\t\t\t<div class=\"col-inner text-left box-shadow-1 box-shadow-3-hover\"  >\n\t\t\t\n\t\t\t\n\n\n  <div class=\"banner has-hover\" id=\"banner-1337857647\">\n          <div class=\"banner-inner fill\">\n        <div class=\"banner-bg fill\" >\n            <img loading=\"lazy\" decoding=\"async\" width=\"1020\" height=\"573\" src=\"https:\/\/www.cjs.ch\/wp-content\/uploads\/2023\/06\/1-2-1030x579.jpg\" class=\"bg attachment-large size-large\" alt=\"\" \/>                        <div class=\"overlay\"><\/div>            \n                    <\/div>\n\t\t\n        <div class=\"banner-layers container\">\n            <div class=\"fill banner-link\"><\/div>            \n\n   <div id=\"text-box-1369063077\" class=\"text-box banner-layer x50 md-x50 lg-x50 y90 md-y90 lg-y90 res-text\">\n                                <div class=\"text-box-content text dark\">\n              \n              <div class=\"text-inner text-left\">\n                  \n\n<h2 class=\"uppercase\"><strong>CountMaster\u00a9<\/strong><\/h2>\n<a href=\"https:\/\/www.cjs.ch\/de\/unsere-werkzeuge\/countmaster\/\" class=\"button white is-underline is-xlarge lowercase\"  >\n\t\t<span>Entdecken Sie<\/span>\n\t<\/a>\n\n\n\n              <\/div>\n           <\/div>\n                            \n<style>\n#text-box-1369063077 {\n  width: 80%;\n}\n#text-box-1369063077 .text-box-content {\n  font-size: 100%;\n}\n<\/style>\n    <\/div>\n \n\n        <\/div>\n      <\/div>\n\n            \n<style>\n#banner-1337857647 {\n  padding-top: 400px;\n}\n#banner-1337857647 .overlay {\n  background-color: rgba(0, 0, 0, 0.2);\n}\n<\/style>\n  <\/div>\n\n\n\n\t\t<\/div>\n\t\t\t\t\t<\/div>\n\n\t\n\n<\/div>\n\n\t\t<\/div>\n\n\t\t\n<style>\n#section_2111956959 {\n  padding-top: 60px;\n  padding-bottom: 60px;\n  background-color: rgb(255, 255, 255);\n}\n#section_2111956959 .section-bg-overlay {\n  background-color: rgba(255, 255, 255, 0.85);\n}\n<\/style>\n\t<\/section>\n\t\n\n","protected":false},"excerpt":{"rendered":"","protected":false},"author":2,"featured_media":0,"parent":0,"menu_order":0,"comment_status":"closed","ping_status":"closed","template":"page-blank.php","meta":{"footnotes":""},"class_list":["post-5789","page","type-page","status-publish","hentry"],"_links":{"self":[{"href":"https:\/\/www.cjs.ch\/de\/wp-json\/wp\/v2\/pages\/5789","targetHints":{"allow":["GET"]}}],"collection":[{"href":"https:\/\/www.cjs.ch\/de\/wp-json\/wp\/v2\/pages"}],"about":[{"href":"https:\/\/www.cjs.ch\/de\/wp-json\/wp\/v2\/types\/page"}],"author":[{"embeddable":true,"href":"https:\/\/www.cjs.ch\/de\/wp-json\/wp\/v2\/users\/2"}],"replies":[{"embeddable":true,"href":"https:\/\/www.cjs.ch\/de\/wp-json\/wp\/v2\/comments?post=5789"}],"version-history":[{"count":4,"href":"https:\/\/www.cjs.ch\/de\/wp-json\/wp\/v2\/pages\/5789\/revisions"}],"predecessor-version":[{"id":5882,"href":"https:\/\/www.cjs.ch\/de\/wp-json\/wp\/v2\/pages\/5789\/revisions\/5882"}],"wp:attachment":[{"href":"https:\/\/www.cjs.ch\/de\/wp-json\/wp\/v2\/media?parent=5789"}],"curies":[{"name":"wp","href":"https:\/\/api.w.org\/{rel}","templated":true}]}}