{"id":5823,"date":"2023-06-18T17:50:33","date_gmt":"2023-06-18T15:50:33","guid":{"rendered":"https:\/\/www.cjs.ch\/unsere-werkzeuge\/countmaster\/"},"modified":"2025-02-07T02:15:54","modified_gmt":"2025-02-07T01:15:54","slug":"countmaster","status":"publish","type":"page","link":"https:\/\/www.cjs.ch\/de\/unsere-werkzeuge\/countmaster\/","title":{"rendered":"Countmaster"},"content":{"rendered":"\n\n\t<section class=\"section dark has-parallax\" id=\"section_707209071\">\n\t\t<div class=\"section-bg fill\" data-parallax-container=\".section\" data-parallax-background data-parallax=\"-3\">\n\t\t\t<img loading=\"lazy\" decoding=\"async\" width=\"1920\" height=\"1080\" src=\"https:\/\/www.cjs.ch\/wp-content\/uploads\/2024\/12\/5.png\" class=\"bg attachment-original size-original\" alt=\"\" \/>\t\t\t\t\t\t<div class=\"section-bg-overlay absolute fill\"><\/div>\n\t\t\t\n\t<div class=\"is-border\"\n\t\tstyle=\"border-width:1px 0px 1px 0px;\">\n\t<\/div>\n\n\t\t<\/div>\n\n\t\t\n\n\t\t<div class=\"section-content relative\">\n\t\t\t\n\n<div class=\"row row-large align-middle\"  id=\"row-37267776\">\n\n\n\t<div id=\"col-1944097612\" class=\"col medium-6 small-12 large-6\"  data-animate=\"bounceIn\">\n\t\t\t\t<div class=\"col-inner\"  >\n\t\t\t\n\t\t\t\n\n\t<div id=\"text-1318689989\" class=\"text\">\n\t\t\n\n<h2><strong>CountMaster<\/strong><\/h2>\n<h3 class=\"thin-font\">Unser Tool bewertet zuverl\u00e4ssig Ihre Erfolgsaussichten und die zu erwartenden Kosten im Falle eines Rechtsstreits.<\/h3>\n\t\t\n<style>\n#text-1318689989 {\n  line-height: 1.1;\n}\n<\/style>\n\t<\/div>\n\t\n\n\t\t<\/div>\n\t\t\t\t\n<style>\n#col-1944097612 > .col-inner {\n  padding: 30px 30px 30px 60px;\n}\n<\/style>\n\t<\/div>\n\n\t\n\n\t<div id=\"col-312171265\" class=\"col medium-6 small-12 large-6\"  >\n\t\t\t\t<div class=\"col-inner text-left\"  >\n\t\t\t\n\t\t\t\n\n\n\t\t<\/div>\n\t\t\t\t\t<\/div>\n\n\t\n\n<\/div>\n\n\t\t<\/div>\n\n\t\t\n<style>\n#section_707209071 {\n  padding-top: 30px;\n  padding-bottom: 30px;\n  min-height: 600px;\n}\n#section_707209071 .section-bg-overlay {\n  background-color: rgba(0, 0, 0, 0.256);\n}\n<\/style>\n\t<\/section>\n\t\n\n\t<section class=\"section has-mask mask-angled-right-large\" id=\"section_1804408650\">\n\t\t<div class=\"section-bg fill\" >\n\t\t\t\t\t\t\t\t\t\n\t\t\t\n\n\t\t<\/div>\n\n\t\t\n\n\t\t<div class=\"section-content relative\">\n\t\t\t\n\n<div class=\"row row-collapse align-middle\"  id=\"row-765067931\">\n\n\n\t<div id=\"col-1507381924\" class=\"col large-12\"  >\n\t\t\t\t<div class=\"col-inner\"  >\n\t\t\t\n\t\t\t\n\n\n\t\t<div class=\"icon-box featured-box icon-box-top text-left\"  >\n\t\t\t\t\t<div class=\"icon-box-img\" style=\"width: 98px\">\n\t\t\t\t<div class=\"icon\">\n\t\t\t\t\t<div class=\"icon-inner\" >\n\t\t\t\t\t\t<svg xmlns=\"http:\/\/www.w3.org\/2000\/svg\" id=\"Layer_1\" data-name=\"Layer 1\" viewBox=\"0 0 64 64\"><defs><style>.cls-1,.cls-2{fill:none;stroke-linecap:round;stroke-linejoin:round;}.cls-1{stroke:#958c84;}.cls-2{stroke:#bb273d;}<\/style><\/defs><title>7 Countmaster<\/title><line class=\"cls-1\" x1=\"56\" y1=\"29\" x2=\"56\" y2=\"17\"><\/line><polyline class=\"cls-1\" points=\"7 32 7 13.5 7 13\"><\/polyline><path class=\"cls-1\" d=\"M56,40V50a2,2,0,0,1-2,2H32\"><\/path><path class=\"cls-1\" d=\"M47,10h7a2,2,0,0,1,2,2v5H10.5A3.52,3.52,0,0,1,7,13.63,3.66,3.66,0,0,1,10.7,10H17\"><\/path><rect class=\"cls-1\" x=\"42\" y=\"29\" width=\"16\" height=\"11\" rx=\"2\"><\/rect><polyline class=\"cls-1\" points=\"17 7.5 17 3 21.5 3\"><\/polyline><polyline class=\"cls-1\" points=\"21.5 3 47 3 47 17 42.71 17 21.29 17 17 17 17 7.5\"><\/polyline><path class=\"cls-1\" d=\"M26,7a4.07,4.07,0,0,1,0,.5A4.49,4.49,0,0,1,21.5,12h-.21\"><\/path><polyline class=\"cls-1\" points=\"21.29 11.99 21.29 17 42.71 17 42.71 11.99\"><\/polyline><line class=\"cls-1\" x1=\"38.03\" y1=\"7\" x2=\"25.97\" y2=\"7\"><\/line><path class=\"cls-1\" d=\"M38,7a4.07,4.07,0,0,0,0,.5A4.49,4.49,0,0,0,42.5,12h.21\"><\/path><circle class=\"cls-1\" cx=\"47.5\" cy=\"34.5\" r=\"1.5\"><\/circle><rect class=\"cls-2\" x=\"3\" y=\"32\" width=\"29\" height=\"29\" rx=\"4\"><\/rect><line class=\"cls-2\" x1=\"17.5\" y1=\"32\" x2=\"17.5\" y2=\"61\"><\/line><line class=\"cls-2\" x1=\"32\" y1=\"46.5\" x2=\"3\" y2=\"46.5\"><\/line><line class=\"cls-2\" x1=\"22.33\" y1=\"41.67\" x2=\"27.17\" y2=\"36.83\"><\/line><line class=\"cls-2\" x1=\"27.17\" y1=\"41.67\" x2=\"22.33\" y2=\"36.83\"><\/line><line class=\"cls-2\" x1=\"10.25\" y1=\"42.67\" x2=\"10.25\" y2=\"35.83\"><\/line><line class=\"cls-2\" x1=\"13.67\" y1=\"39.25\" x2=\"6.83\" y2=\"39.25\"><\/line><line class=\"cls-2\" x1=\"13.67\" y1=\"53.75\" x2=\"6.83\" y2=\"53.75\"><\/line><line class=\"cls-2\" x1=\"24.75\" y1=\"50.37\" x2=\"24.75\" y2=\"50.33\"><\/line><line class=\"cls-2\" x1=\"24.75\" y1=\"57.13\" x2=\"24.75\" y2=\"57.1\"><\/line><line class=\"cls-2\" x1=\"28.17\" y1=\"53.75\" x2=\"21.33\" y2=\"53.75\"><\/line><\/svg>\t\t\t\t\t<\/div>\n\t\t\t\t<\/div>\n\t\t\t<\/div>\n\t\t\t\t<div class=\"icon-box-text last-reset\">\n\t\t\t\t\t\t\t\t\t\n\n\n\t\t<\/div>\n\t<\/div>\n\t\n\t\n<h2><strong>Sch\u00e4tzen Sie die Kosten eines Gerichtsverfahrens ab.<br><\/strong><\/h2>\n<p>CountMaster gibt Ihnen einen klaren \u00dcberblick \u00fcber alle Kosten, die mit einer Klage verbunden sind, und erleichtert Ihnen so die Entscheidung \u00fcber m\u00f6gliche rechtliche Schritte.<\/p>\n<p>Auf der Grundlage der folgenden Kriterien:<\/p>\n<ul>\n<li>Geforderter Betrag<\/li>\n<li>Art der Forderung<\/li>\n<li>Anfechtung<\/li>\n<li>Bonit\u00e4t des Schuldners<\/li>\n<li>Art des Verfahrens<\/li>\n<li>Art des Vertreters<\/li>\n<\/ul>\n<p>Bewerten Sie zuverl\u00e4ssig :<\/p>\n<ul>\n<li>Die Risiken einer Klage<\/li>\n<li>Gerichtskosten und -geb\u00fchren<\/li>\n<li>Honorare von Vertretern<\/li>\n<li>Der Betrag, der im Falle eines Erfolgs zur\u00fcckgefordert wird<\/li>\n<li>Von der Justiz gew\u00e4hrte Auslagen<\/li>\n<\/ul>\n\n\t\t<\/div>\n\t\t\t\t\n<style>\n#col-1507381924 > .col-inner {\n  padding: 90px 60px 60px 60px;\n}\n<\/style>\n\t<\/div>\n\n\t\n\n<\/div>\n\n\t\t<\/div>\n\n\t\t\n<style>\n#section_1804408650 {\n  padding-top: 60px;\n  padding-bottom: 60px;\n}\n<\/style>\n\t<\/section>\n\t\n\n\t<section class=\"section\" id=\"section_600711261\">\n\t\t<div class=\"section-bg fill\" >\n\t\t\t\t\t\t\t\t\t<div class=\"section-bg-overlay absolute fill\"><\/div>\n\t\t\t\n\t<div class=\"is-border\"\n\t\tstyle=\"border-width:1px 0px 1px 0px;\">\n\t<\/div>\n\n\t\t<\/div>\n\n\t\t\n\n\t\t<div class=\"section-content relative\">\n\t\t\t\n\n<div class=\"row row-large align-middle\"  id=\"row-1830990969\">\n\n\n\t<div id=\"col-1442116616\" class=\"col medium-6 small-12 large-6\"  >\n\t\t\t\t<div class=\"col-inner\"  >\n\t\t\t\n\t\t\t\n\n\t<div class=\"img has-hover x md-x lg-x y md-y lg-y\" id=\"image_1339431643\">\n\t\t\t\t\t\t\t\t<div class=\"img-inner box-shadow-2 dark\" >\n\t\t\t\t\t\t\t\t\t\n\t\t\t\t\t<\/div>\n\t\t\t\t\t\t\t\t\n<style>\n#image_1339431643 {\n  width: 100%;\n}\n<\/style>\n\t<\/div>\n\t\n\n\t<div class=\"img has-hover x md-x lg-x y md-y lg-y\" id=\"image_1966201760\">\n\t\t\t\t\t\t\t\t<div class=\"img-inner dark\" >\n\t\t\t<img loading=\"lazy\" decoding=\"async\" width=\"1020\" height=\"573\" src=\"https:\/\/www.cjs.ch\/wp-content\/uploads\/2023\/06\/6-1-1030x579.jpg\" class=\"attachment-large size-large\" alt=\"\" srcset=\"https:\/\/www.cjs.ch\/wp-content\/uploads\/2023\/06\/6-1-1030x579.jpg 1030w, https:\/\/www.cjs.ch\/wp-content\/uploads\/2023\/06\/6-1-300x169.jpg 300w, https:\/\/www.cjs.ch\/wp-content\/uploads\/2023\/06\/6-1-768x432.jpg 768w, https:\/\/www.cjs.ch\/wp-content\/uploads\/2023\/06\/6-1-1536x864.jpg 1536w, https:\/\/www.cjs.ch\/wp-content\/uploads\/2023\/06\/6-1.jpg 1920w\" sizes=\"auto, (max-width: 1020px) 100vw, 1020px\" \/>\t\t\t\t\t\t\n\t\t\t\t\t<\/div>\n\t\t\t\t\t\t\t\t\n<style>\n#image_1966201760 {\n  width: 100%;\n}\n<\/style>\n\t<\/div>\n\t\n\n\n\t\t<\/div>\n\t\t\t\t\t<\/div>\n\n\t\n\n\t<div id=\"col-484229798\" class=\"col medium-6 small-12 large-6\"  >\n\t\t\t\t<div class=\"col-inner text-left\"  >\n\t\t\t\n\t\t\t\n\n<h2><strong>COCKPIT<\/strong><\/h2>\n<p>Wir \u00fcbernehmen alle notwendigen Schritte zur Eintreibung Ihrer Forderungen, von g\u00fctlichen Verhandlungen bis hin zu gerichtlichen Verfahren.<\/p>\n<a class=\"button primary is-underline lowercase\"  >\n\t\t<span>Entdecken Sie<\/span>\n\t<\/a>\n\n\n\n\t\t<\/div>\n\t\t\t\t\t<\/div>\n\n\t\n\n<\/div>\n\n\t\t<\/div>\n\n\t\t\n<style>\n#section_600711261 {\n  padding-top: 60px;\n  padding-bottom: 60px;\n  background-color: rgb(193, 193, 193);\n}\n#section_600711261 .section-bg-overlay {\n  background-color: rgba(255, 255, 255, 0.85);\n}\n<\/style>\n\t<\/section>\n\t\n\n","protected":false},"excerpt":{"rendered":"","protected":false},"author":1,"featured_media":0,"parent":5789,"menu_order":0,"comment_status":"closed","ping_status":"closed","template":"page-blank.php","meta":{"footnotes":""},"class_list":["post-5823","page","type-page","status-publish","hentry"],"_links":{"self":[{"href":"https:\/\/www.cjs.ch\/de\/wp-json\/wp\/v2\/pages\/5823","targetHints":{"allow":["GET"]}}],"collection":[{"href":"https:\/\/www.cjs.ch\/de\/wp-json\/wp\/v2\/pages"}],"about":[{"href":"https:\/\/www.cjs.ch\/de\/wp-json\/wp\/v2\/types\/page"}],"author":[{"embeddable":true,"href":"https:\/\/www.cjs.ch\/de\/wp-json\/wp\/v2\/users\/1"}],"replies":[{"embeddable":true,"href":"https:\/\/www.cjs.ch\/de\/wp-json\/wp\/v2\/comments?post=5823"}],"version-history":[{"count":3,"href":"https:\/\/www.cjs.ch\/de\/wp-json\/wp\/v2\/pages\/5823\/revisions"}],"predecessor-version":[{"id":5944,"href":"https:\/\/www.cjs.ch\/de\/wp-json\/wp\/v2\/pages\/5823\/revisions\/5944"}],"up":[{"embeddable":true,"href":"https:\/\/www.cjs.ch\/de\/wp-json\/wp\/v2\/pages\/5789"}],"wp:attachment":[{"href":"https:\/\/www.cjs.ch\/de\/wp-json\/wp\/v2\/media?parent=5823"}],"curies":[{"name":"wp","href":"https:\/\/api.w.org\/{rel}","templated":true}]}}