{"id":5827,"date":"2023-06-18T18:02:34","date_gmt":"2023-06-18T16:02:34","guid":{"rendered":"https:\/\/www.cjs.ch\/unser-team\/"},"modified":"2025-02-06T21:44:05","modified_gmt":"2025-02-06T20:44:05","slug":"unser-team","status":"publish","type":"page","link":"https:\/\/www.cjs.ch\/de\/unternehmen\/unser-team\/","title":{"rendered":"Unser Team"},"content":{"rendered":"\n\n\t<section class=\"section dark has-parallax\" id=\"section_256883456\">\n\t\t<div class=\"section-bg fill\" data-parallax-container=\".section\" data-parallax-background data-parallax=\"-3\">\n\t\t\t<img loading=\"lazy\" decoding=\"async\" width=\"2048\" height=\"2560\" src=\"https:\/\/www.cjs.ch\/wp-content\/uploads\/2024\/06\/cjs_visuels2-scaled.jpg\" class=\"bg attachment-original size-original\" alt=\"\" \/>\t\t\t\t\t\t\n\t\t\t\n\t<div class=\"is-border\"\n\t\tstyle=\"border-width:1px 0px 1px 0px;\">\n\t<\/div>\n\n\t\t<\/div>\n\n\t\t\n\n\t\t<div class=\"section-content relative\">\n\t\t\t\n\n<div class=\"row row-large align-middle\"  id=\"row-1102392335\">\n\n\n\t<div id=\"col-679112360\" class=\"col medium-6 small-12 large-6\"  >\n\t\t\t\t<div class=\"col-inner text-left\"  >\n\t\t\t\n\t\t\t\n\n\n\t\t<\/div>\n\t\t\t\t\t<\/div>\n\n\t\n\n\t<div id=\"col-121072418\" class=\"col medium-6 small-12 large-6\"  data-animate=\"bounceIn\">\n\t\t\t\t<div class=\"col-inner\"  >\n\t\t\t\n\t\t\t\n\n<h2>Unser Team<\/h2>\n<h3 class=\"thin-font\"><span style=\"font-size: 100%;\">Qualifizierte und aufmerksame Mitarbeiter<\/span><\/h3>\n\n\t\t<\/div>\n\t\t\t\t\n<style>\n#col-121072418 > .col-inner {\n  padding: 30px 30px 30px 30px;\n}\n<\/style>\n\t<\/div>\n\n\t\n\n<\/div>\n\n\t\t<\/div>\n\n\t\t\n<style>\n#section_256883456 {\n  padding-top: 30px;\n  padding-bottom: 30px;\n  min-height: 600px;\n}\n#section_256883456 .section-bg img {\n  object-position: 56% 100%;\n}\n<\/style>\n\t<\/section>\n\t\n\n\t<section class=\"section has-mask mask-angled-right-large\" id=\"section_1283286625\">\n\t\t<div class=\"section-bg fill\" >\n\t\t\t\t\t\t\t\t\t\n\t\t\t\n\n\t\t<\/div>\n\n\t\t\n\n\t\t<div class=\"section-content relative\">\n\t\t\t\n\n<div class=\"row row-collapse align-middle\"  id=\"row-1885398546\">\n\n\n\t<div id=\"col-734307530\" class=\"col large-12\"  >\n\t\t\t\t<div class=\"col-inner\"  >\n\t\t\t\n\t\t\t\n\n<h2>Ein Team zu Ihren Diensten<\/h2>\n<p>Sie haben direkten Zugang zu dem Mitarbeiter, der f\u00fcr Ihren Fall zust\u00e4ndig ist: Er steht Ihnen zur Verf\u00fcgung, um Ihre Fragen zu beantworten, unsere Ergebnisse zu erl\u00e4utern und unsere Ideen und L\u00f6sungen mit Ihnen zu teilen.<\/p>\n<p>Jede Transaktion im Zusammenhang mit dem Forderungsmanagement ist per Definition heikel. Das Risiko, dass Ihr Ruf Schaden nimmt, muss ernst genommen werden. Unser Team ist darauf geschult, Ihre oder unsere Glaubw\u00fcrdigkeit niemals zu gef\u00e4hrden.  <\/p>\n<p>Unsere Ma\u00dfnahmen werden dank der Erfahrung und der Pers\u00f6nlichkeit unserer Mitarbeiter an jede Situation angepasst, um stets verantwortungsvoll zu handeln. Wir geben dem Schuldner die Mittel an die Hand, um seine Situation zu bereinigen und informieren ihn \u00fcber m\u00f6gliche Folgema\u00dfnahmen. <\/p>\n<p> <\/p>\n<h2>Das Wort des Direktors  <\/h2>\n<p>Ich bin seit 2001 im Bereich des Inkassos t\u00e4tig. Im Laufe meiner Karriere wurde mir bewusst, dass die Kunden immer mehr Transparenz w\u00fcnschten, insbesondere in Bezug auf die Verg\u00fctung der erbrachten Dienstleistungen. Es gab auch einen Mangel an Begleitung: Der Beruf bot dem Kunden nicht gen\u00fcgend Beratung.    <\/p>\n<p>Im Jahr 2015 hatte ich die Gelegenheit, bei CJS Caisse Juridique Suisse einzusteigen, deren Ethos meiner Vorstellung von einem umfassenden, flexiblen und transparenten Service entspricht.  <\/p>\n<p>Bei CJS setzen wir seit jeher auf den Dialog und die Suche nach L\u00f6sungen mit dem Schuldner. Diese ethische Vision des Inkassos ist seit unserer Gr\u00fcndung im Jahr 2002 unser Erfolg und basiert auf einer einfachen und offensichtlichen Feststellung: Geldprobleme sind in erster Linie und immer menschliche Probleme. <\/p>\n<p>Dieser menschliche Ansatz l\u00e4sst sich wunderbar mit Leistung kombinieren, insbesondere dank der innovativen Werkzeuge, die CJS seit vielen Jahren entwickelt hat. Unsere L\u00f6sungen vereinfachen Ihre Arbeit, verbessern die Wirtschaftlichkeit von Gerichtsverfahren und erm\u00f6glichen es Ihnen, alle Ihre F\u00e4lle in Echtzeit und in voller Transparenz zu verfolgen. <\/p>\n<p>Diese Leistung w\u00e4re nichts ohne die Investition und die Kompetenz unserer Mitarbeiter. Denn bevor man handeln kann, muss man die Gesetze und Rechte, um die es geht, verstehen. Unsere Sachbearbeiter sind Ihre direkten Ansprechpartner und sorgen daf\u00fcr, dass Ihr Image bei den Schuldnern gewahrt bleibt.  <\/p>\n<p>CJS ist mehr als ein Inkassounternehmen, es ist ein Rechtsdienst, der sich auf die L\u00f6sung von Zahlungsproblemen spezialisiert hat.<\/p>\n<p>Damit Sie bezahlt werden, ganz einfach.<\/p>\n<p>G\u00e9ry Maquet, Direktor<\/p>\n<p> <\/p>\n<p> <\/p>\n\n\t\t<\/div>\n\t\t\t\t\n<style>\n#col-734307530 > .col-inner {\n  padding: 90px 60px 60px 60px;\n}\n<\/style>\n\t<\/div>\n\n\t\n\n<\/div>\n\n\t\t<\/div>\n\n\t\t\n<style>\n#section_1283286625 {\n  padding-top: 60px;\n  padding-bottom: 60px;\n}\n<\/style>\n\t<\/section>\n\t\n\n","protected":false},"excerpt":{"rendered":"","protected":false},"author":1,"featured_media":0,"parent":5849,"menu_order":0,"comment_status":"closed","ping_status":"closed","template":"page-blank.php","meta":{"footnotes":""},"class_list":["post-5827","page","type-page","status-publish","hentry"],"_links":{"self":[{"href":"https:\/\/www.cjs.ch\/de\/wp-json\/wp\/v2\/pages\/5827","targetHints":{"allow":["GET"]}}],"collection":[{"href":"https:\/\/www.cjs.ch\/de\/wp-json\/wp\/v2\/pages"}],"about":[{"href":"https:\/\/www.cjs.ch\/de\/wp-json\/wp\/v2\/types\/page"}],"author":[{"embeddable":true,"href":"https:\/\/www.cjs.ch\/de\/wp-json\/wp\/v2\/users\/1"}],"replies":[{"embeddable":true,"href":"https:\/\/www.cjs.ch\/de\/wp-json\/wp\/v2\/comments?post=5827"}],"version-history":[{"count":3,"href":"https:\/\/www.cjs.ch\/de\/wp-json\/wp\/v2\/pages\/5827\/revisions"}],"predecessor-version":[{"id":5899,"href":"https:\/\/www.cjs.ch\/de\/wp-json\/wp\/v2\/pages\/5827\/revisions\/5899"}],"up":[{"embeddable":true,"href":"https:\/\/www.cjs.ch\/de\/wp-json\/wp\/v2\/pages\/5849"}],"wp:attachment":[{"href":"https:\/\/www.cjs.ch\/de\/wp-json\/wp\/v2\/media?parent=5827"}],"curies":[{"name":"wp","href":"https:\/\/api.w.org\/{rel}","templated":true}]}}