{"id":5846,"date":"2017-01-01T14:50:10","date_gmt":"2017-01-01T13:50:10","guid":{"rendered":"https:\/\/www.cjs.ch\/home\/"},"modified":"2025-02-06T21:37:21","modified_gmt":"2025-02-06T20:37:21","slug":"home","status":"publish","type":"page","link":"https:\/\/www.cjs.ch\/de\/","title":{"rendered":"Home"},"content":{"rendered":"\n<div class=\"slider-wrapper relative\" id=\"slider-1470126388\" >\n    <div class=\"slider slider-type-fade slider-nav-circle slider-nav-large slider-nav-light slider-style-normal\"\n        data-flickity-options='{\n            \"cellAlign\": \"center\",\n            \"imagesLoaded\": true,\n            \"lazyLoad\": 1,\n            \"freeScroll\": false,\n            \"wrapAround\": true,\n            \"autoPlay\": 6000,\n            \"pauseAutoPlayOnHover\" : true,\n            \"prevNextButtons\": true,\n            \"contain\" : true,\n            \"adaptiveHeight\" : true,\n            \"dragThreshold\" : 10,\n            \"percentPosition\": true,\n            \"pageDots\": true,\n            \"rightToLeft\": false,\n            \"draggable\": true,\n            \"selectedAttraction\": 0.1,\n            \"parallax\" : 0,\n            \"friction\": 0.6        }'\n        >\n        \n\n\n  <div class=\"banner has-hover\" id=\"banner-638768038\">\n          <div class=\"banner-inner fill\">\n        <div class=\"banner-bg fill\" >\n            <img loading=\"lazy\" decoding=\"async\" width=\"2560\" height=\"1709\" src=\"https:\/\/www.cjs.ch\/wp-content\/uploads\/2024\/06\/cjs_visuels6-scaled.jpg\" class=\"bg attachment-original size-original\" alt=\"\" \/>                                    \n                    <\/div>\n\t\t\n        <div class=\"banner-layers container\">\n            <div class=\"fill banner-link\"><\/div>            \n\n   <div id=\"text-box-1439619013\" class=\"text-box banner-layer x50 md-x5 lg-x5 y50 md-y25 lg-y25 res-text\">\n              <div data-parallax=\"-1\" data-parallax-fade=\"true\">       <div data-animate=\"bounceIn\">           <div class=\"text-box-content text dark\">\n              \n              <div class=\"text-inner text-center\">\n                  \n\n<h2 style=\"text-align: left;\"><span style=\"font-size: 100%;\">Einfach bezahlt werden<\/span><\/h2>\n<h3 style=\"text-align: left;\"><span style=\"font-size: 100%;\">Als spezialisierte Rechtsabteilung helfen wir Ihnen, Ihre Forderungen auf effiziente und menschliche Weise zu begleichen.<\/span><\/h3>\n\n              <\/div>\n           <\/div>\n       <\/div>       <\/div>              \n<style>\n#text-box-1439619013 {\n  width: 80%;\n}\n#text-box-1439619013 .text-box-content {\n  font-size: 100%;\n}\n@media (min-width:550px) {\n  #text-box-1439619013 {\n    width: 41%;\n  }\n}\n<\/style>\n    <\/div>\n \n\n        <\/div>\n      <\/div>\n\n            \n<style>\n#banner-638768038 {\n  padding-top: 650px;\n}\n#banner-638768038 .banner-bg img {\n  object-position: 68% 27%;\n}\n<\/style>\n  <\/div>\n\n\n\n     <\/div>\n\n     <div class=\"loading-spin dark large centered\"><\/div>\n\n\t<\/div>\n\n\n<div class=\"row row-collapse row-full-width align-equal\"  id=\"row-313619690\">\n\n\n\t<div id=\"col-1154279674\" class=\"col medium-4 small-12 large-4\"  >\n\t\t\t\t<div class=\"col-inner dark\" style=\"background-color:rgb(170, 170, 170);\" >\n\t\t\t\n\t\t\t\n\n\n\t\t<div class=\"icon-box featured-box icon-box-center text-center\"  >\n\t\t\t\t\t<div class=\"icon-box-img\" style=\"width: 98px\">\n\t\t\t\t<div class=\"icon\">\n\t\t\t\t\t<div class=\"icon-inner\" >\n\t\t\t\t\t\t<img loading=\"lazy\" decoding=\"async\" width=\"300\" height=\"300\" src=\"https:\/\/www.cjs.ch\/wp-content\/uploads\/2024\/12\/CJS_Pictos_PROD_Web-03-300x300.png\" class=\"attachment-medium size-medium\" alt=\"\" srcset=\"https:\/\/www.cjs.ch\/wp-content\/uploads\/2024\/12\/CJS_Pictos_PROD_Web-03-300x300.png 300w, https:\/\/www.cjs.ch\/wp-content\/uploads\/2024\/12\/CJS_Pictos_PROD_Web-03-1030x1030.png 1030w, https:\/\/www.cjs.ch\/wp-content\/uploads\/2024\/12\/CJS_Pictos_PROD_Web-03-80x80.png 80w, https:\/\/www.cjs.ch\/wp-content\/uploads\/2024\/12\/CJS_Pictos_PROD_Web-03-768x768.png 768w, https:\/\/www.cjs.ch\/wp-content\/uploads\/2024\/12\/CJS_Pictos_PROD_Web-03.png 1182w\" sizes=\"auto, (max-width: 300px) 100vw, 300px\" \/>\t\t\t\t\t<\/div>\n\t\t\t\t<\/div>\n\t\t\t<\/div>\n\t\t\t\t<div class=\"icon-box-text last-reset\">\n\t\t\t\t\t\t\t\t\t\n\n<h3>Eintreibung von Forderungen<\/h3>\n<p>Wir k\u00fcmmern uns um die Eintreibung Ihrer Forderungen, von der g\u00fctlichen Einigung bis hin zum Gerichtsverfahren.<\/p>\n\n\t\t<\/div>\n\t<\/div>\n\t\n\t\n\n\t\t<\/div>\n\t\t\t\t\n<style>\n#col-1154279674 > .col-inner {\n  padding: 30px 30px 30px 30px;\n}\n<\/style>\n\t<\/div>\n\n\t\n\n\t<div id=\"col-518112313\" class=\"col medium-4 small-12 large-4\"  >\n\t\t\t\t<div class=\"col-inner dark\" style=\"background-color:rgb(156, 146, 141);\" >\n\t\t\t\n\t\t\t\n\n\n\t\t<div class=\"icon-box featured-box icon-box-center text-center\"  >\n\t\t\t\t\t<div class=\"icon-box-img\" style=\"width: 98px\">\n\t\t\t\t<div class=\"icon\">\n\t\t\t\t\t<div class=\"icon-inner\" >\n\t\t\t\t\t\t<img loading=\"lazy\" decoding=\"async\" width=\"300\" height=\"300\" src=\"https:\/\/www.cjs.ch\/wp-content\/uploads\/2024\/12\/CJS_Pictos_PROD_Web-04-300x300.png\" class=\"attachment-medium size-medium\" alt=\"\" srcset=\"https:\/\/www.cjs.ch\/wp-content\/uploads\/2024\/12\/CJS_Pictos_PROD_Web-04-300x300.png 300w, https:\/\/www.cjs.ch\/wp-content\/uploads\/2024\/12\/CJS_Pictos_PROD_Web-04-1030x1030.png 1030w, https:\/\/www.cjs.ch\/wp-content\/uploads\/2024\/12\/CJS_Pictos_PROD_Web-04-80x80.png 80w, https:\/\/www.cjs.ch\/wp-content\/uploads\/2024\/12\/CJS_Pictos_PROD_Web-04-768x768.png 768w, https:\/\/www.cjs.ch\/wp-content\/uploads\/2024\/12\/CJS_Pictos_PROD_Web-04.png 1182w\" sizes=\"auto, (max-width: 300px) 100vw, 300px\" \/>\t\t\t\t\t<\/div>\n\t\t\t\t<\/div>\n\t\t\t<\/div>\n\t\t\t\t<div class=\"icon-box-text last-reset\">\n\t\t\t\t\t\t\t\t\t\n\n<h3>Bonit\u00e4tsausk\u00fcnfte<\/h3>\n<p>Wir bieten Bonit\u00e4tspr\u00fcfungen f\u00fcr Unternehmen und Einzelpersonen an.<\/p>\n\n\t\t<\/div>\n\t<\/div>\n\t\n\t\n\n\t\t<\/div>\n\t\t\t\t\n<style>\n#col-518112313 > .col-inner {\n  padding: 30px 30px 30px 30px;\n}\n<\/style>\n\t<\/div>\n\n\t\n\n\t<div id=\"col-874591605\" class=\"col medium-4 small-12 large-4\"  >\n\t\t\t\t<div class=\"col-inner dark\" style=\"background-color:rgb(95, 90, 90);\" >\n\t\t\t\n\t\t\t\n\n\n\t\t<div class=\"icon-box featured-box icon-box-center text-center\"  >\n\t\t\t\t\t<div class=\"icon-box-img\" style=\"width: 98px\">\n\t\t\t\t<div class=\"icon\">\n\t\t\t\t\t<div class=\"icon-inner\" >\n\t\t\t\t\t\t<img loading=\"lazy\" decoding=\"async\" width=\"300\" height=\"300\" src=\"https:\/\/www.cjs.ch\/wp-content\/uploads\/2024\/12\/CJS_Pictos_PROD_Web-06-300x300.png\" class=\"attachment-medium size-medium\" alt=\"\" srcset=\"https:\/\/www.cjs.ch\/wp-content\/uploads\/2024\/12\/CJS_Pictos_PROD_Web-06-300x300.png 300w, https:\/\/www.cjs.ch\/wp-content\/uploads\/2024\/12\/CJS_Pictos_PROD_Web-06-1030x1030.png 1030w, https:\/\/www.cjs.ch\/wp-content\/uploads\/2024\/12\/CJS_Pictos_PROD_Web-06-80x80.png 80w, https:\/\/www.cjs.ch\/wp-content\/uploads\/2024\/12\/CJS_Pictos_PROD_Web-06-768x768.png 768w, https:\/\/www.cjs.ch\/wp-content\/uploads\/2024\/12\/CJS_Pictos_PROD_Web-06.png 1182w\" sizes=\"auto, (max-width: 300px) 100vw, 300px\" \/>\t\t\t\t\t<\/div>\n\t\t\t\t<\/div>\n\t\t\t<\/div>\n\t\t\t\t<div class=\"icon-box-text last-reset\">\n\t\t\t\t\t\t\t\t\t\n\n<h3>Ausgelagerte Rechnungsstellung<\/h3>\n<p>Wir k\u00fcmmern uns um alle Schritte, die mit Ihren Rechnungen verbunden sind, von der Erstellung bis zur Zahlung.<\/p>\n\n\t\t<\/div>\n\t<\/div>\n\t\n\t\n\n\t\t<\/div>\n\t\t\t\t\n<style>\n#col-874591605 > .col-inner {\n  padding: 30px 30px 30px 30px;\n}\n<\/style>\n\t<\/div>\n\n\t\n\n<\/div>\n\n\t<section class=\"section\" id=\"section_995883485\">\n\t\t<div class=\"section-bg fill\" >\n\t\t\t\t\t\t\t\t\t\n\t\t\t\n\n\t\t<\/div>\n\n\t\t\n\n\t\t<div class=\"section-content relative\">\n\t\t\t\n\n<div class=\"row align-center\"  id=\"row-302999294\">\n\n\n\t<div id=\"col-2062060226\" class=\"col medium-9 small-12 large-9\"  >\n\t\t\t\t<div class=\"col-inner text-center\"  >\n\t\t\t\n\t\t\t\n\n<h2><span style=\"font-size: 160%;\">CJS in wenigen Worten<\/span><\/h2>\n<p>Seit 2002 zeichnen wir uns durch einen ausgewogenen, aber festen Ansatz im Bereich Inkasso aus. Wir bieten leistungsf\u00e4hige Methoden mit bew\u00e4hrten und transparenten L\u00f6sungen. Mit unserem Monitoring-Tool Cockpit haben Sie transparenten Zugriff auf den Fortschritt Ihrer F\u00e4lle in Echtzeit.  <\/p>\n\n\t\t<\/div>\n\t\t\t\t\n<style>\n#col-2062060226 > .col-inner {\n  padding: 40px 0px 0px 0px;\n}\n<\/style>\n\t<\/div>\n\n\t\n\n<\/div>\n\n\t\t<\/div>\n\n\t\t\n<style>\n#section_995883485 {\n  padding-top: 30px;\n  padding-bottom: 30px;\n}\n<\/style>\n\t<\/section>\n\t\n\n\t<section class=\"section\" id=\"section_1730497661\">\n\t\t<div class=\"section-bg fill\" >\n\t\t\t\t\t\t\t\t\t<div class=\"section-bg-overlay absolute fill\"><\/div>\n\t\t\t\n\n\t\t<\/div>\n\n\t\t\n\n\t\t<div class=\"section-content relative\">\n\t\t\t\n\n<h2 style=\"text-align: center;\"><span style=\"color: #ffffff;\">Caisse Juridique Suisse in Zahlen<\/span><\/h2>\n\t<div id=\"gap-640912478\" class=\"gap-element clearfix\" style=\"display:block; height:auto;\">\n\t\t\n<style>\n#gap-640912478 {\n  padding-top: 50px;\n}\n<\/style>\n\t<\/div>\n\t\n\n\n\t\t<\/div>\n\n\t\t\n<style>\n#section_1730497661 {\n  padding-top: 30px;\n  padding-bottom: 30px;\n  background-color: #e5e5e5;\n}\n#section_1730497661 .section-bg-overlay {\n  background-color: rgba(0, 0, 0, 0.5);\n}\n<\/style>\n\t<\/section>\n\t\n\n\t<section class=\"section\" id=\"section_925420768\">\n\t\t<div class=\"section-bg fill\" >\n\t\t\t\t\t\t\t\t\t\n\t\t\t\n\n\t\t<\/div>\n\n\t\t\n\n\t\t<div class=\"section-content relative\">\n\t\t\t\n\n<div class=\"row\"  id=\"row-508514083\">\n\n\n\t<div id=\"col-1823170633\" class=\"col small-12 large-12\"  >\n\t\t\t\t<div class=\"col-inner\"  >\n\t\t\t\n\t\t\t\n\n<div class=\"row align-center\"  id=\"row-510567693\">\n\n\n\t<div id=\"col-326548847\" class=\"col medium-3 small-11 large-3\"  >\n\t\t\t\t<div class=\"col-inner box-shadow-2\" style=\"background-color:rgb(255,255,255);\" >\n\t\t\t\n\t\t\t\n\n\n\t\t<div class=\"icon-box featured-box icon-box-top text-left\"  >\n\t\t\t\t<div class=\"icon-box-text last-reset\">\n\t\t\t\t\t\t\t\t\t\n\n<h2 style=\"text-align: center;\"><span style=\"font-size: 130%;\">23<\/span><\/h2>\n<p style=\"text-align: center;\"><span style=\"font-size: 110%;\">Jahre<\/span><br><span style=\"font-size: 110%;\">zu Ihren Diensten<\/span><\/p>\n\n\t\t<\/div>\n\t<\/div>\n\t\n\t\n\n\t\t<\/div>\n\t\t\t\t\n<style>\n#col-326548847 > .col-inner {\n  padding: 30px 30px 30px 30px;\n}\n<\/style>\n\t<\/div>\n\n\t\n\n\t<div id=\"col-121422800\" class=\"col medium-3 small-11 large-3\"  >\n\t\t\t\t<div class=\"col-inner box-shadow-2\" style=\"background-color:rgb(255,255,255);\" >\n\t\t\t\n\t\t\t\n\n\n\t\t<div class=\"icon-box featured-box icon-box-top text-left\"  >\n\t\t\t\t<div class=\"icon-box-text last-reset\">\n\t\t\t\t\t\t\t\t\t\n\n<h2 style=\"text-align: center;\"><span style=\"font-size: 130%;\">1&#8217;200<br><\/span><\/h2>\n<p style=\"text-align: center;\"><span style=\"font-size: 110%;\">Kunden<\/span><br><span style=\"font-size: 110%; color: #faf7f7;\">.<\/span><\/p>\n\n\t\t<\/div>\n\t<\/div>\n\t\n\t\n\n\t\t<\/div>\n\t\t\t\t\n<style>\n#col-121422800 > .col-inner {\n  padding: 30px 30px 30px 30px;\n}\n<\/style>\n\t<\/div>\n\n\t\n\n\t<div id=\"col-173210225\" class=\"col medium-3 small-11 large-3\"  >\n\t\t\t\t<div class=\"col-inner box-shadow-2\" style=\"background-color:rgb(255,255,255);\" >\n\t\t\t\n\t\t\t\n\n\n\t\t<div class=\"icon-box featured-box icon-box-top text-left\"  >\n\t\t\t\t<div class=\"icon-box-text last-reset\">\n\t\t\t\t\t\t\t\t\t\n\n<h2 style=\"text-align: center;\"><span style=\"font-size: 130%;\">5<br><\/span><\/h2>\n<p style=\"text-align: center;\"><span style=\"font-size: 110%;\">Arbeitssprachen<\/span><br><span style=\"font-size: 110%;\">FR, DE, IT, EN, ES<\/span><\/p>\n\n\t\t<\/div>\n\t<\/div>\n\t\n\t\n\n\t\t<\/div>\n\t\t\t\t\n<style>\n#col-173210225 > .col-inner {\n  padding: 30px 30px 30px 30px;\n}\n<\/style>\n\t<\/div>\n\n\t\n\n\t<div id=\"col-1676999132\" class=\"col medium-3 small-11 large-3\"  >\n\t\t\t\t<div class=\"col-inner box-shadow-2\" style=\"background-color:rgb(255,255,255);\" >\n\t\t\t\n\t\t\t\n\n\n\t\t<div class=\"icon-box featured-box icon-box-top text-left\"  >\n\t\t\t\t<div class=\"icon-box-text last-reset\">\n\t\t\t\t\t\t\t\t\t\n\n<h2 style=\"text-align: center;\"><span style=\"font-size: 130%;\">+250<br><\/span><\/h2>\n<p style=\"text-align: center;\"><span style=\"font-size: 110%;\">Partner<\/span><br><span style=\"font-size: 110%;\">in der Welt<\/span><\/p>\n\n\t\t<\/div>\n\t<\/div>\n\t\n\t\n\n\t\t<\/div>\n\t\t\t\t\n<style>\n#col-1676999132 > .col-inner {\n  padding: 30px 30px 30px 30px;\n}\n<\/style>\n\t<\/div>\n\n\t\n\n\n<style>\n#row-510567693 > .col > .col-inner {\n  border-radius: 22px;\n}\n<\/style>\n<\/div>\n\n\t\t<\/div>\n\t\t\t\t\n<style>\n#col-1823170633 > .col-inner {\n  padding: 0px 0px 0px 17px;\n  margin: -110px 0px 0px 0px;\n}\n<\/style>\n\t<\/div>\n\n\t\n\n<\/div>\n\n\t\t<\/div>\n\n\t\t\n<style>\n#section_925420768 {\n  padding-top: 30px;\n  padding-bottom: 30px;\n}\n<\/style>\n\t<\/section>\n\t\n\n","protected":false},"excerpt":{"rendered":"","protected":false},"author":2,"featured_media":0,"parent":0,"menu_order":0,"comment_status":"closed","ping_status":"closed","template":"page-blank.php","meta":{"footnotes":""},"class_list":["post-5846","page","type-page","status-publish","hentry"],"_links":{"self":[{"href":"https:\/\/www.cjs.ch\/de\/wp-json\/wp\/v2\/pages\/5846","targetHints":{"allow":["GET"]}}],"collection":[{"href":"https:\/\/www.cjs.ch\/de\/wp-json\/wp\/v2\/pages"}],"about":[{"href":"https:\/\/www.cjs.ch\/de\/wp-json\/wp\/v2\/types\/page"}],"author":[{"embeddable":true,"href":"https:\/\/www.cjs.ch\/de\/wp-json\/wp\/v2\/users\/2"}],"replies":[{"embeddable":true,"href":"https:\/\/www.cjs.ch\/de\/wp-json\/wp\/v2\/comments?post=5846"}],"version-history":[{"count":3,"href":"https:\/\/www.cjs.ch\/de\/wp-json\/wp\/v2\/pages\/5846\/revisions"}],"predecessor-version":[{"id":5888,"href":"https:\/\/www.cjs.ch\/de\/wp-json\/wp\/v2\/pages\/5846\/revisions\/5888"}],"wp:attachment":[{"href":"https:\/\/www.cjs.ch\/de\/wp-json\/wp\/v2\/media?parent=5846"}],"curies":[{"name":"wp","href":"https:\/\/api.w.org\/{rel}","templated":true}]}}