{"id":5860,"date":"2023-06-18T17:08:53","date_gmt":"2023-06-18T15:08:53","guid":{"rendered":"https:\/\/www.cjs.ch\/dienste\/bonitaetsauskuenfte\/"},"modified":"2025-02-06T23:35:28","modified_gmt":"2025-02-06T22:35:28","slug":"bonitaetsauskuenfte","status":"publish","type":"page","link":"https:\/\/www.cjs.ch\/de\/dienste\/bonitaetsauskuenfte\/","title":{"rendered":"Bonit\u00e4tsausk\u00fcnfte"},"content":{"rendered":"\n\n\t<section class=\"section dark has-parallax\" id=\"section_1642920012\">\n\t\t<div class=\"section-bg fill\" data-parallax-container=\".section\" data-parallax-background data-parallax=\"-3\">\n\t\t\t<img loading=\"lazy\" decoding=\"async\" width=\"1920\" height=\"1080\" src=\"https:\/\/www.cjs.ch\/wp-content\/uploads\/2024\/12\/3.png\" class=\"bg attachment-original size-original\" alt=\"\" \/>\t\t\t\t\t\t<div class=\"section-bg-overlay absolute fill\"><\/div>\n\t\t\t\n\t<div class=\"is-border\"\n\t\tstyle=\"border-width:1px 0px 1px 0px;\">\n\t<\/div>\n\n\t\t<\/div>\n\n\t\t\n\n\t\t<div class=\"section-content relative\">\n\t\t\t\n\n<div class=\"row row-large align-middle\"  id=\"row-1489815349\">\n\n\n\t<div id=\"col-1336277999\" class=\"col medium-6 small-12 large-6\"  data-animate=\"bounceIn\">\n\t\t\t\t<div class=\"col-inner\"  >\n\t\t\t\n\t\t\t\n\n\t<div id=\"text-1540204879\" class=\"text\">\n\t\t\n\n<h2>BONIT\u00c4TSAUSK\u00dcNFTE<\/h2>\n<h3 class=\"thin-font\">Vergewissern Sie sich, bevor Sie eine Verpflichtung eingehen<br>\u00dcberpr\u00fcfen Sie die Kreditw\u00fcrdigkeit Ihrer Gesch\u00e4ftspartner.<\/h3>\n<p> <\/p>\n\t\t\n<style>\n#text-1540204879 {\n  line-height: 1.1;\n}\n<\/style>\n\t<\/div>\n\t\n\n\t\t<\/div>\n\t\t\t\t\n<style>\n#col-1336277999 > .col-inner {\n  padding: 30px 30px 30px 30px;\n}\n<\/style>\n\t<\/div>\n\n\t\n\n\t<div id=\"col-20587394\" class=\"col medium-6 small-12 large-6\"  >\n\t\t\t\t<div class=\"col-inner text-left\"  >\n\t\t\t\n\t\t\t\n\n\n\t\t<\/div>\n\t\t\t\t\t<\/div>\n\n\t\n\n<\/div>\n\n\t\t<\/div>\n\n\t\t\n<style>\n#section_1642920012 {\n  padding-top: 30px;\n  padding-bottom: 30px;\n  min-height: 600px;\n}\n#section_1642920012 .section-bg-overlay {\n  background-color: rgba(0, 0, 0, 0.163);\n}\n<\/style>\n\t<\/section>\n\t\n\n\t<section class=\"section has-mask mask-angled-right-large\" id=\"section_1763431630\">\n\t\t<div class=\"section-bg fill\" >\n\t\t\t\t\t\t\t\t\t\n\t\t\t\n\n\t\t<\/div>\n\n\t\t\n\n\t\t<div class=\"section-content relative\">\n\t\t\t\n\n<div class=\"row row-collapse align-middle\"  id=\"row-911538209\">\n\n\n\t<div id=\"col-1950646751\" class=\"col large-12\"  >\n\t\t\t\t<div class=\"col-inner\"  >\n\t\t\t\n\t\t\t\n\n\n\t\t<div class=\"icon-box featured-box icon-box-top text-left\"  >\n\t\t\t\t\t<div class=\"icon-box-img\" style=\"width: 106px\">\n\t\t\t\t<div class=\"icon\">\n\t\t\t\t\t<div class=\"icon-inner\" >\n\t\t\t\t\t\t<svg xmlns=\"http:\/\/www.w3.org\/2000\/svg\" id=\"Layer_1\" data-name=\"Layer 1\" viewBox=\"0 0 64 64\"><defs><style>.cls-1,.cls-2,.cls-3{fill:none;}.cls-1{stroke:#bb273d;stroke-miterlimit:10;}.cls-2{stroke:#ba2329;}.cls-2,.cls-3{stroke-linecap:round;stroke-linejoin:round;}.cls-3{stroke:#958c84;}<\/style><\/defs><title>1 Pre sale information<\/title><circle class=\"cls-1\" cx=\"40.26\" cy=\"31.8\" r=\"14.3\"><\/circle><line class=\"cls-1\" x1=\"50.37\" y1=\"41.91\" x2=\"61\" y2=\"53\"><\/line><path class=\"cls-2\" d=\"M39.7,23.52a4.18,4.18,0,0,0,0,8.27\"><\/path><path class=\"cls-1\" d=\"M42.71,31.06a7.19,7.19,0,0,1,4.76,6.75S45.08,39,40.3,39s-7.17-1.2-7.17-1.2a7.18,7.18,0,0,1,4.75-6.75\"><\/path><path class=\"cls-2\" d=\"M39.7,31.79a2.92,2.92,0,0,0,.6.05,4.21,4.21,0,0,0,4.18-4.18,4.19,4.19,0,0,0-4.18-4.19,3.83,3.83,0,0,0-.6.05\"><\/path><polyline class=\"cls-3\" points=\"51.61 47.62 51.61 52.08 51.61 61 11.46 61 11.46 3 51.61 3 51.61 18.61\"><\/polyline><line class=\"cls-3\" x1=\"15.92\" y1=\"23.08\" x2=\"22.61\" y2=\"23.08\"><\/line><line class=\"cls-3\" x1=\"15.92\" y1=\"13\" x2=\"32\" y2=\"13\"><\/line><line class=\"cls-3\" x1=\"15.92\" y1=\"32\" x2=\"21.96\" y2=\"32\"><\/line><line class=\"cls-3\" x1=\"15.92\" y1=\"40.92\" x2=\"25.31\" y2=\"40.92\"><\/line><line class=\"cls-3\" x1=\"15.92\" y1=\"49.85\" x2=\"47.15\" y2=\"49.85\"><\/line><\/svg>\t\t\t\t\t<\/div>\n\t\t\t\t<\/div>\n\t\t\t<\/div>\n\t\t\t\t<div class=\"icon-box-text last-reset\">\n\t\t\t\t\t\t\t\t\t\n\n\n\t\t<\/div>\n\t<\/div>\n\t\n\t\n<h2>Pr\u00fcfung der Solvenz<\/h2>\n<p>Als Inkassounternehmen bieten wir Ihnen Zugang zu den gr\u00f6\u00dften Datenbanken \u00fcber die Bonit\u00e4t von Privatpersonen und Unternehmen. So k\u00f6nnen Sie sich mit wenigen Klicks \u00fcber die Bonit\u00e4t Ihrer Gesch\u00e4ftspartner informieren und eine Gesch\u00e4ftsbeziehung auf einer soliden Basis beginnen. <\/p>\n<h2>Angebotene Dienstleistungen<\/h2>\n<p>Wir werden Ihnen einen Zugang zu der Datenbank anbieten, die Ihren Bed\u00fcrfnissen am besten entspricht:<\/p>\n<ul>\n<li>Solvenzbericht \u00fcber Unternehmen<\/li>\n<li>Solvabilit\u00e4tsbericht \u00fcber Privatpersonen<\/li>\n<li>Auszug aus dem Betreibungsregister<\/li>\n<li>\u00dcberpr\u00fcfung der Adresse<\/li>\n<li>Suche nach einer neuen Adresse<\/li>\n<li>Wahrscheinlichkeit der Einl\u00f6sung<\/li>\n<\/ul>\n\n\t\t<\/div>\n\t\t\t\t\n<style>\n#col-1950646751 > .col-inner {\n  padding: 90px 60px 60px 60px;\n}\n<\/style>\n\t<\/div>\n\n\t\n\n<\/div>\n\n\t\t<\/div>\n\n\t\t\n<style>\n#section_1763431630 {\n  padding-top: 60px;\n  padding-bottom: 60px;\n}\n<\/style>\n\t<\/section>\n\t\n\n","protected":false},"excerpt":{"rendered":"","protected":false},"author":1,"featured_media":0,"parent":5810,"menu_order":0,"comment_status":"closed","ping_status":"closed","template":"page-blank.php","meta":{"footnotes":""},"class_list":["post-5860","page","type-page","status-publish","hentry"],"_links":{"self":[{"href":"https:\/\/www.cjs.ch\/de\/wp-json\/wp\/v2\/pages\/5860","targetHints":{"allow":["GET"]}}],"collection":[{"href":"https:\/\/www.cjs.ch\/de\/wp-json\/wp\/v2\/pages"}],"about":[{"href":"https:\/\/www.cjs.ch\/de\/wp-json\/wp\/v2\/types\/page"}],"author":[{"embeddable":true,"href":"https:\/\/www.cjs.ch\/de\/wp-json\/wp\/v2\/users\/1"}],"replies":[{"embeddable":true,"href":"https:\/\/www.cjs.ch\/de\/wp-json\/wp\/v2\/comments?post=5860"}],"version-history":[{"count":2,"href":"https:\/\/www.cjs.ch\/de\/wp-json\/wp\/v2\/pages\/5860\/revisions"}],"predecessor-version":[{"id":5873,"href":"https:\/\/www.cjs.ch\/de\/wp-json\/wp\/v2\/pages\/5860\/revisions\/5873"}],"up":[{"embeddable":true,"href":"https:\/\/www.cjs.ch\/de\/wp-json\/wp\/v2\/pages\/5810"}],"wp:attachment":[{"href":"https:\/\/www.cjs.ch\/de\/wp-json\/wp\/v2\/media?parent=5860"}],"curies":[{"name":"wp","href":"https:\/\/api.w.org\/{rel}","templated":true}]}}