{"id":5865,"date":"2023-06-18T10:02:01","date_gmt":"2023-06-18T08:02:01","guid":{"rendered":"https:\/\/www.cjs.ch\/dienste\/inkassoprozess\/"},"modified":"2025-02-07T02:19:31","modified_gmt":"2025-02-07T01:19:31","slug":"inkassoprozess","status":"publish","type":"page","link":"https:\/\/www.cjs.ch\/de\/dienste\/inkassoprozess\/","title":{"rendered":"Inkassoprozess"},"content":{"rendered":"\n\n\t<section class=\"section dark has-parallax\" id=\"section_1876109341\">\n\t\t<div class=\"section-bg fill\" data-parallax-container=\".section\" data-parallax-background data-parallax=\"-3\">\n\t\t\t<img loading=\"lazy\" decoding=\"async\" width=\"1920\" height=\"1080\" src=\"https:\/\/www.cjs.ch\/wp-content\/uploads\/2024\/12\/6.png\" class=\"bg attachment-original size-original\" alt=\"\" \/>\t\t\t\t\t\t<div class=\"section-bg-overlay absolute fill\"><\/div>\n\t\t\t\n\t<div class=\"is-border\"\n\t\tstyle=\"border-width:1px 0px 1px 0px;\">\n\t<\/div>\n\n\t\t<\/div>\n\n\t\t\n\n\t\t<div class=\"section-content relative\">\n\t\t\t\n\n<div class=\"row row-large align-middle\"  id=\"row-987305216\">\n\n\n\t<div id=\"col-1220914338\" class=\"col medium-7 small-12 large-7\"  data-animate=\"bounceIn\">\n\t\t\t\t<div class=\"col-inner\"  >\n\t\t\t\n\t\t\t\n\n\t<div id=\"text-4136620875\" class=\"text\">\n\t\t\n\n<h2><strong>EINTREIBUNG<\/strong><\/h2>\n<h3 class=\"thin-font\"><strong>Wir verteidigen Ihre Rechte<\/strong><\/h3>\n<h3 class=\"thin-font\">Dies ist unser Kerngesch\u00e4ft, unsere St\u00e4rke, wir erhalten Ihre Rechnungen schnell zur\u00fcck, wobei jeder respektiert wird und das Berufsgeheimnis gewahrt bleibt.<\/h3>\n\t\t\n<style>\n#text-4136620875 {\n  line-height: 1.1;\n}\n<\/style>\n\t<\/div>\n\t\n\n\t\t<\/div>\n\t\t\t\t\n<style>\n#col-1220914338 > .col-inner {\n  padding: 30px 30px 30px 30px;\n}\n<\/style>\n\t<\/div>\n\n\t\n\n\t<div id=\"col-1777662968\" class=\"col medium-5 small-12 large-5\"  >\n\t\t\t\t<div class=\"col-inner text-left\"  >\n\t\t\t\n\t\t\t\n\n\n\t\t<\/div>\n\t\t\t\t\t<\/div>\n\n\t\n\n<\/div>\n\n\t\t<\/div>\n\n\t\t\n<style>\n#section_1876109341 {\n  padding-top: 30px;\n  padding-bottom: 30px;\n  min-height: 600px;\n}\n#section_1876109341 .section-bg-overlay {\n  background-color: rgba(0, 0, 0, 0.314);\n}\n<\/style>\n\t<\/section>\n\t\n\n\t<section class=\"section has-mask mask-angled-right-large\" id=\"section_1599203040\">\n\t\t<div class=\"section-bg fill\" >\n\t\t\t\t\t\t\t\t\t\n\t\t\t\n\n\t\t<\/div>\n\n\t\t\n\n\t\t<div class=\"section-content relative\">\n\t\t\t\n\n<div class=\"row row-collapse align-middle\"  id=\"row-746692131\">\n\n\n\t<div id=\"col-439443934\" class=\"col large-12\"  >\n\t\t\t\t<div class=\"col-inner\"  >\n\t\t\t\n\t\t\t\n\n\n\t\t<div class=\"icon-box featured-box icon-box-top text-left\"  >\n\t\t\t\t\t<div class=\"icon-box-img\" style=\"width: 91px\">\n\t\t\t\t<div class=\"icon\">\n\t\t\t\t\t<div class=\"icon-inner\" >\n\t\t\t\t\t\t<img loading=\"lazy\" decoding=\"async\" width=\"64\" height=\"64\" src=\"https:\/\/www.cjs.ch\/wp-content\/uploads\/2024\/12\/2-Bad-debt-recovery.svg\" class=\"attachment-medium size-medium\" alt=\"\" \/>\t\t\t\t\t<\/div>\n\t\t\t\t<\/div>\n\t\t\t<\/div>\n\t\t\t\t<div class=\"icon-box-text last-reset\">\n\t\t\t\t\t\t\t\t\t\n\n\n\t\t<\/div>\n\t<\/div>\n\t\n\t\n<h2><strong>Die Eintreibung von Forderungen<\/strong><\/h2>\n<p>Unser Prozess besteht aus drei Phasen.<\/p>\n<h3><strong>Verstehen Sie<\/strong><\/h3>\n<p>Wir setzen uns mit Ihrem Schuldner in Verbindung, um ihn \u00fcber unser Mandat zu informieren und die Situation mit ihm zu analysieren. Durch einen pers\u00f6nlichen Austausch k\u00f6nnen wir den Gro\u00dfteil der uns anvertrauten F\u00e4lle l\u00f6sen. <\/p>\n<h3><strong>Vorschlagen<\/strong><\/h3>\n<p>Im Falle einer Anfechtung unterbreiten wir Ihnen m\u00f6gliche L\u00f6sungen und unsere Empfehlungen. Auf unserer Cockpit-Plattform k\u00f6nnen Sie den Status des Falls, die geplanten Ma\u00dfnahmen und deren Kosten verfolgen. <\/p>\n<h3><strong>Bewerben Sie sich unter<\/strong><\/h3>\n<p>Wir setzen die von Ihnen gew\u00e4hlte L\u00f6sung um. Wir f\u00fchren die Verhandlungen, veranlassen die Rechtsverfolgung und \u00fcberwachen die Gerichtsverfahren, wenn diese von einem Anwalt durchgef\u00fchrt werden. <\/p>\n<h3 style=\"text-align: center;\">Unsere Verg\u00fctung wird auf der Grundlage der eingezogenen Betr\u00e4ge berechnet.<\/h3>\n\n\t\t<\/div>\n\t\t\t\t\n<style>\n#col-439443934 > .col-inner {\n  padding: 90px 30px 30px 30px;\n}\n<\/style>\n\t<\/div>\n\n\t\n\n<\/div>\n<div class=\"row\"  id=\"row-1958563642\">\n\n\n\t<div id=\"col-1236179505\" class=\"col medium-3 small-6 large-3\"  >\n\t\t\t\t<div class=\"col-inner box-shadow-2\"  >\n\t\t\t\n\t\t\t\n\n\n  <div class=\"banner has-hover\" id=\"banner-280374351\">\n          <div class=\"banner-inner fill\">\n        <div class=\"banner-bg fill\" >\n                                                \n                    <\/div>\n\t\t\n        <div class=\"banner-layers container\">\n            <div class=\"fill banner-link\"><\/div>            \n\n   <div id=\"text-box-838255976\" class=\"text-box banner-layer x50 md-x50 lg-x50 y50 md-y50 lg-y50 res-text\">\n                                <div class=\"text-box-content text dark\">\n              \n              <div class=\"text-inner text-center\">\n                  \n\n\t<div id=\"text-2475590311\" class=\"text\">\n\t\t\n\n<h3 class=\"uppercase\"><span style=\"color: #808080; font-size: 110%;\"><strong>Einvernehmliche Mahnverfahren<\/strong><\/span><\/h3>\n\t\t\n<style>\n#text-2475590311 {\n  color: rgb(0,0,0);\n}\n#text-2475590311 > * {\n  color: rgb(0,0,0);\n}\n<\/style>\n\t<\/div>\n\t\n\n              <\/div>\n           <\/div>\n                            \n<style>\n#text-box-838255976 {\n  width: 82%;\n}\n#text-box-838255976 .text-box-content {\n  font-size: 100%;\n}\n<\/style>\n    <\/div>\n \n\n        <\/div>\n      <\/div>\n\n            \n<style>\n#banner-280374351 {\n  padding-top: 150px;\n  background-color: #e5e5e5;\n}\n<\/style>\n  <\/div>\n\n\n\n\t\t<\/div>\n\t\t\t\t\t<\/div>\n\n\t\n\n\t<div id=\"col-2015673899\" class=\"col medium-3 small-6 large-3\"  >\n\t\t\t\t<div class=\"col-inner box-shadow-2\"  >\n\t\t\t\n\t\t\t\n\n\n  <div class=\"banner has-hover\" id=\"banner-327883595\">\n          <div class=\"banner-inner fill\">\n        <div class=\"banner-bg fill\" >\n                                                \n                    <\/div>\n\t\t\n        <div class=\"banner-layers container\">\n            <div class=\"fill banner-link\"><\/div>            \n\n   <div id=\"text-box-17726675\" class=\"text-box banner-layer x50 md-x50 lg-x50 y50 md-y50 lg-y50 res-text\">\n                                <div class=\"text-box-content text dark\">\n              \n              <div class=\"text-inner text-center\">\n                  \n\n<h3 class=\"uppercase\"><span style=\"color: #808080; font-size: 110%;\"><strong>Verfolgungsverfahren<\/strong><\/span><\/h3>\n\n              <\/div>\n           <\/div>\n                            \n<style>\n#text-box-17726675 {\n  width: 71%;\n}\n#text-box-17726675 .text-box-content {\n  font-size: 100%;\n}\n<\/style>\n    <\/div>\n \n\n        <\/div>\n      <\/div>\n\n            \n<style>\n#banner-327883595 {\n  padding-top: 150px;\n  background-color: #e5e5e5;\n}\n<\/style>\n  <\/div>\n\n\n\n\t\t<\/div>\n\t\t\t\t\t<\/div>\n\n\t\n\n\t<div id=\"col-125323080\" class=\"col medium-3 small-6 large-3\"  >\n\t\t\t\t<div class=\"col-inner box-shadow-2\"  >\n\t\t\t\n\t\t\t\n\n\n  <div class=\"banner has-hover\" id=\"banner-1000507309\">\n          <div class=\"banner-inner fill\">\n        <div class=\"banner-bg fill\" >\n                                                \n                    <\/div>\n\t\t\n        <div class=\"banner-layers container\">\n            <div class=\"fill banner-link\"><\/div>            \n\n   <div id=\"text-box-1352336395\" class=\"text-box banner-layer x50 md-x50 lg-x50 y50 md-y50 lg-y50 res-text\">\n                                <div class=\"text-box-content text dark\">\n              \n              <div class=\"text-inner text-center\">\n                  \n\n<h3 class=\"uppercase\"><span style=\"color: #808080; font-size: 110%;\"><strong>Gerichtliche Verfahren<\/strong><\/span><\/h3>\n\n              <\/div>\n           <\/div>\n                            \n<style>\n#text-box-1352336395 {\n  width: 60%;\n}\n#text-box-1352336395 .text-box-content {\n  font-size: 100%;\n}\n<\/style>\n    <\/div>\n \n\n        <\/div>\n      <\/div>\n\n            \n<style>\n#banner-1000507309 {\n  padding-top: 150px;\n  background-color: #e5e5e5;\n}\n<\/style>\n  <\/div>\n\n\n\n\t\t<\/div>\n\t\t\t\t\t<\/div>\n\n\t\n\n\t<div id=\"col-179016805\" class=\"col medium-3 small-6 large-3\"  >\n\t\t\t\t<div class=\"col-inner box-shadow-2\"  >\n\t\t\t\n\t\t\t\n\n\n  <div class=\"banner has-hover\" id=\"banner-1786701352\">\n          <div class=\"banner-inner fill\">\n        <div class=\"banner-bg fill\" >\n                                                \n                    <\/div>\n\t\t\n        <div class=\"banner-layers container\">\n            <div class=\"fill banner-link\"><\/div>            \n\n   <div id=\"text-box-1050376412\" class=\"text-box banner-layer x50 md-x50 lg-x50 y50 md-y50 lg-y50 res-text\">\n                                <div class=\"text-box-content text dark\">\n              \n              <div class=\"text-inner text-center\">\n                  \n\n<h3 class=\"uppercase\"><span style=\"color: #808080; font-size: 110%;\"><strong>Verfolgung von Verlustscheinen<\/strong><\/span><\/h3>\n\n              <\/div>\n           <\/div>\n                            \n<style>\n#text-box-1050376412 {\n  width: 71%;\n}\n#text-box-1050376412 .text-box-content {\n  font-size: 100%;\n}\n<\/style>\n    <\/div>\n \n\n        <\/div>\n      <\/div>\n\n            \n<style>\n#banner-1786701352 {\n  padding-top: 150px;\n  background-color: #e5e5e5;\n}\n<\/style>\n  <\/div>\n\n\n\n\t\t<\/div>\n\t\t\t\t\t<\/div>\n\n\t\n\n<\/div>\n<div class=\"row row-solid\"  id=\"row-2015192798\">\n\n\n\t<div id=\"col-185099980\" class=\"col medium-6 small-12 large-6\"  >\n\t\t\t\t<div class=\"col-inner\"  >\n\t\t\t\n\t\t\t\n\n<h2><strong>Inkasso in der Schweiz<\/strong><\/h2>\n<p>Wir arbeiten in der ganzen Schweiz und in 5 Sprachen (Franz\u00f6sisch, Schweizerdeutsch, Italienisch, Englisch, Spanisch).<\/p>\n\n\t\t<\/div>\n\t\t\t\t\t<\/div>\n\n\t\n\n\t<div id=\"col-1411532370\" class=\"col medium-6 small-12 large-6\"  >\n\t\t\t\t<div class=\"col-inner\"  >\n\t\t\t\n\t\t\t\n\n<h2><strong>Eintreibung im Ausland<\/strong><\/h2>\n<p>\u00dcber unser Netzwerk von Partnern (Rechtsanw\u00e4lte oder Inkassob\u00fcros) k\u00f6nnen wir in mehr als 120 L\u00e4ndern lokal t\u00e4tig werden.<\/p>\n\n\t\t<\/div>\n\t\t\t\t\t<\/div>\n\n\t\n\n<\/div>\n\t<div id=\"gap-650207032\" class=\"gap-element clearfix\" style=\"display:block; height:auto;\">\n\t\t\n<style>\n#gap-650207032 {\n  padding-top: 30px;\n}\n<\/style>\n\t<\/div>\n\t\n\n\n\t\t<\/div>\n\n\t\t\n<style>\n#section_1599203040 {\n  padding-top: 30px;\n  padding-bottom: 30px;\n}\n<\/style>\n\t<\/section>\n\t\n<div class=\"message-box relative dark\" style=\"padding-top:15px;padding-bottom:15px;\"><div class=\"message-box-bg-image bg-fill fill\" ><\/div><div class=\"message-box-bg-overlay bg-fill fill\" style=\"background-color:rgb(203, 19, 19);\"><\/div><div class=\"container relative\"><div class=\"inner last-reset\">\n\n<div class=\"row align-middle align-center\"  id=\"row-1655570828\">\n\n\n\t<div id=\"col-1216309426\" class=\"col medium-9 small-12 large-9\"  >\n\t\t\t\t<div class=\"col-inner\"  >\n\t\t\t\n\t\t\t\n\n<p><span style=\"font-size: 120%;\">Ein Schuldner hat nicht gezahlt und Sie wissen nicht, was Sie tun sollen?<\/span><br><span style=\"font-size: 120%;\">Kontaktieren Sie uns f\u00fcr eine kostenlose und unverbindliche Beratung.  <\/span><\/p>\n\n\t\t<\/div>\n\t\t\t\t\t<\/div>\n\n\t\n\n\t<div id=\"col-1185085422\" class=\"col medium-2 small-12 large-2\"  >\n\t\t\t\t<div class=\"col-inner text-center\"  >\n\t\t\t\n\t\t\t\n\n<a class=\"button white is-outline is-smaller lowercase\"  style=\"border-radius:99px;\">\n\t\t<span>Telefon<\/span>\n\t<\/a>\n\n\n\n\t\t<\/div>\n\t\t\t\t\t<\/div>\n\n\t\n\n<\/div>\n\n<\/div><\/div><\/div>\n\n","protected":false},"excerpt":{"rendered":"","protected":false},"author":1,"featured_media":0,"parent":5810,"menu_order":0,"comment_status":"closed","ping_status":"closed","template":"page-blank.php","meta":{"footnotes":""},"class_list":["post-5865","page","type-page","status-publish","hentry"],"_links":{"self":[{"href":"https:\/\/www.cjs.ch\/de\/wp-json\/wp\/v2\/pages\/5865","targetHints":{"allow":["GET"]}}],"collection":[{"href":"https:\/\/www.cjs.ch\/de\/wp-json\/wp\/v2\/pages"}],"about":[{"href":"https:\/\/www.cjs.ch\/de\/wp-json\/wp\/v2\/types\/page"}],"author":[{"embeddable":true,"href":"https:\/\/www.cjs.ch\/de\/wp-json\/wp\/v2\/users\/1"}],"replies":[{"embeddable":true,"href":"https:\/\/www.cjs.ch\/de\/wp-json\/wp\/v2\/comments?post=5865"}],"version-history":[{"count":5,"href":"https:\/\/www.cjs.ch\/de\/wp-json\/wp\/v2\/pages\/5865\/revisions"}],"predecessor-version":[{"id":5951,"href":"https:\/\/www.cjs.ch\/de\/wp-json\/wp\/v2\/pages\/5865\/revisions\/5951"}],"up":[{"embeddable":true,"href":"https:\/\/www.cjs.ch\/de\/wp-json\/wp\/v2\/pages\/5810"}],"wp:attachment":[{"href":"https:\/\/www.cjs.ch\/de\/wp-json\/wp\/v2\/media?parent=5865"}],"curies":[{"name":"wp","href":"https:\/\/api.w.org\/{rel}","templated":true}]}}