{"id":5870,"date":"2023-06-18T17:06:43","date_gmt":"2023-06-18T15:06:43","guid":{"rendered":"https:\/\/www.cjs.ch\/dienste\/ausgelagerte-rechnungsstellung\/"},"modified":"2025-02-07T02:17:42","modified_gmt":"2025-02-07T01:17:42","slug":"ausgelagerte-rechnungsstellung","status":"publish","type":"page","link":"https:\/\/www.cjs.ch\/de\/dienste\/ausgelagerte-rechnungsstellung\/","title":{"rendered":"Ausgelagerte Rechnungsstellung"},"content":{"rendered":"\n\n\t<section class=\"section dark has-parallax\" id=\"section_837259133\">\n\t\t<div class=\"section-bg fill\" data-parallax-container=\".section\" data-parallax-background data-parallax=\"-3\">\n\t\t\t<img loading=\"lazy\" decoding=\"async\" width=\"2560\" height=\"1709\" src=\"https:\/\/www.cjs.ch\/wp-content\/uploads\/2024\/06\/cjs_visuels6-scaled.jpg\" class=\"bg attachment-original size-original\" alt=\"\" \/>\t\t\t\t\t\t<div class=\"section-bg-overlay absolute fill\"><\/div>\n\t\t\t\n\t<div class=\"is-border\"\n\t\tstyle=\"border-width:1px 0px 1px 0px;\">\n\t<\/div>\n\n\t\t<\/div>\n\n\t\t\n\n\t\t<div class=\"section-content relative\">\n\t\t\t\n\n<div class=\"row row-large align-middle\"  id=\"row-872313648\">\n\n\n\t<div id=\"col-1555976904\" class=\"col medium-6 small-12 large-6\"  >\n\t\t\t\t<div class=\"col-inner\"  >\n\t\t\t\n\t\t\t\n\n<h2><strong>AUSGELAGERTE FAKTURIERUNG<\/strong><\/h2>\n<h3 class=\"thin-font\">Konzentrieren Sie sich auf das Wesentliche<\/h3>\n\n\t\t<\/div>\n\t\t\t\t\n<style>\n#col-1555976904 > .col-inner {\n  padding: 30px 30px 30px 30px;\n}\n<\/style>\n\t<\/div>\n\n\t\n\n\t<div id=\"col-2023522144\" class=\"col medium-6 small-12 large-6\"  >\n\t\t\t\t<div class=\"col-inner text-left\"  >\n\t\t\t\n\t\t\t\n\n\n\t\t<\/div>\n\t\t\t\t\t<\/div>\n\n\t\n\n<\/div>\n\n\t\t<\/div>\n\n\t\t\n<style>\n#section_837259133 {\n  padding-top: 30px;\n  padding-bottom: 30px;\n  min-height: 600px;\n}\n#section_837259133 .section-bg-overlay {\n  background-color: rgba(0, 0, 0, 0.407);\n}\n<\/style>\n\t<\/section>\n\t\n\n\t<section class=\"section has-mask mask-angled-right-large\" id=\"section_1357590650\">\n\t\t<div class=\"section-bg fill\" >\n\t\t\t\t\t\t\t\t\t\n\t\t\t\n\n\t\t<\/div>\n\n\t\t\n\n\t\t<div class=\"section-content relative\">\n\t\t\t\n\n<div class=\"row row-collapse align-middle\"  id=\"row-1426112121\">\n\n\n\t<div id=\"col-196190017\" class=\"col large-12\"  >\n\t\t\t\t<div class=\"col-inner\"  >\n\t\t\t\n\t\t\t\n\n\n\t\t<div class=\"icon-box featured-box icon-box-top text-left\"  >\n\t\t\t\t\t<div class=\"icon-box-img\" style=\"width: 106px\">\n\t\t\t\t<div class=\"icon\">\n\t\t\t\t\t<div class=\"icon-inner\" >\n\t\t\t\t\t\t<svg xmlns=\"http:\/\/www.w3.org\/2000\/svg\" id=\"Layer_1\" data-name=\"Layer 1\" viewBox=\"0 0 64 64\"><defs><style>.cls-1,.cls-2{fill:none;stroke-linecap:round;stroke-linejoin:round;}.cls-1{stroke:#958c84;}.cls-2{stroke:#bb273d;}<\/style><\/defs><title>3 Invoicing<\/title><polyline class=\"cls-1\" points=\"51.61 15.95 51.61 13 41.61 3 11.39 3 11.39 61 51.61 61 51.61 49.04\"><\/polyline><polygon class=\"cls-1\" points=\"41.61 3 41.61 13 51.61 13 41.61 3\"><\/polygon><circle class=\"cls-2\" cx=\"46.5\" cy=\"32\" r=\"14.5\"><\/circle><line class=\"cls-1\" x1=\"45\" y1=\"51\" x2=\"18\" y2=\"51\"><\/line><line class=\"cls-2\" x1=\"46.54\" y1=\"24.14\" x2=\"46.54\" y2=\"39.86\"><\/line><polyline class=\"cls-2\" points=\"41.6 29.04 46.5 24.14 51.4 29.04\"><\/polyline><rect class=\"cls-1\" x=\"18\" y=\"13\" width=\"14\" height=\"4.01\"><\/rect><polyline class=\"cls-1\" points=\"28.95 26.83 18 26.83 18 22.82 31.28 22.82\"><\/polyline><polyline class=\"cls-1\" points=\"28.95 26.83 18 26.83 18 30.84 28.05 30.84\"><\/polyline><polyline class=\"cls-1\" points=\"28.28 34.85 18 34.85 18 30.84 28.05 30.84\"><\/polyline><polyline class=\"cls-1\" points=\"29.72 38.86 18 38.86 18 34.85 28.28 34.85\"><\/polyline><polyline class=\"cls-1\" points=\"32.91 42.87 18 42.87 18 38.86 29.72 38.86\"><\/polyline><\/svg>\t\t\t\t\t<\/div>\n\t\t\t\t<\/div>\n\t\t\t<\/div>\n\t\t\t\t<div class=\"icon-box-text last-reset\">\n\t\t\t\t\t\t\t\t\t\n\n\n\t\t<\/div>\n\t<\/div>\n\t\n\t\n<p>Wir \u00fcbernehmen Ihre gesamte Rechnungsstellung oder einen Teil davon, von der Ausstellung bis zum Einzug Ihrer Rechnungen. Das Outsourcing Ihrer Rechnungen bedeutet, dass Sie sich auf Ihr Kerngesch\u00e4ft konzentrieren k\u00f6nnen. <\/p>\n<p>Sie k\u00f6nnen jederzeit den Stand Ihrer Forderungen einsehen und Ihre Buchhaltung durch den automatischen Import unserer Dateien aktualisieren.<\/p>\n<p>Wir k\u00f6nnen regelm\u00e4\u00dfig oder punktuell bei Arbeits\u00fcberlastung, Abwesenheit eines Mitarbeiters, Computerproblemen usw. eingreifen.<br>Wir verf\u00fcgen \u00fcber leicht parametrisierbare Werkzeuge, die es uns erm\u00f6glichen, flexibel, reaktiv und sehr schnell einsatzbereit zu sein.<\/p>\n<p><strong>ANGEBOTENE DIENSTLEISTUNGEN<\/strong><\/p>\n<p>Erstellung und Druck Ihrer Rechnungen mit Ihrem Briefkopf<br>Versand per Post und\/oder E-Mail<br>Verfolgung der Zahlungseing\u00e4nge<br>Verwaltung Ihrer Mahnungen mit Ihrem Briefkopf<br>T\u00e4gliche Aktualisierung Ihres Kontos<\/p>\n\n\t\t<\/div>\n\t\t\t\t\n<style>\n#col-196190017 > .col-inner {\n  padding: 90px 60px 60px 60px;\n}\n<\/style>\n\t<\/div>\n\n\t\n\n<\/div>\n\n\t\t<\/div>\n\n\t\t\n<style>\n#section_1357590650 {\n  padding-top: 60px;\n  padding-bottom: 60px;\n}\n<\/style>\n\t<\/section>\n\t\n\n","protected":false},"excerpt":{"rendered":"","protected":false},"author":1,"featured_media":0,"parent":5810,"menu_order":0,"comment_status":"closed","ping_status":"closed","template":"page-blank.php","meta":{"footnotes":""},"class_list":["post-5870","page","type-page","status-publish","hentry"],"_links":{"self":[{"href":"https:\/\/www.cjs.ch\/de\/wp-json\/wp\/v2\/pages\/5870","targetHints":{"allow":["GET"]}}],"collection":[{"href":"https:\/\/www.cjs.ch\/de\/wp-json\/wp\/v2\/pages"}],"about":[{"href":"https:\/\/www.cjs.ch\/de\/wp-json\/wp\/v2\/types\/page"}],"author":[{"embeddable":true,"href":"https:\/\/www.cjs.ch\/de\/wp-json\/wp\/v2\/users\/1"}],"replies":[{"embeddable":true,"href":"https:\/\/www.cjs.ch\/de\/wp-json\/wp\/v2\/comments?post=5870"}],"version-history":[{"count":3,"href":"https:\/\/www.cjs.ch\/de\/wp-json\/wp\/v2\/pages\/5870\/revisions"}],"predecessor-version":[{"id":5947,"href":"https:\/\/www.cjs.ch\/de\/wp-json\/wp\/v2\/pages\/5870\/revisions\/5947"}],"up":[{"embeddable":true,"href":"https:\/\/www.cjs.ch\/de\/wp-json\/wp\/v2\/pages\/5810"}],"wp:attachment":[{"href":"https:\/\/www.cjs.ch\/de\/wp-json\/wp\/v2\/media?parent=5870"}],"curies":[{"name":"wp","href":"https:\/\/api.w.org\/{rel}","templated":true}]}}