{"id":5871,"date":"2023-06-18T17:49:16","date_gmt":"2023-06-18T15:49:16","guid":{"rendered":"https:\/\/www.cjs.ch\/unsere-werkzeuge\/cockpit\/"},"modified":"2025-02-07T02:13:30","modified_gmt":"2025-02-07T01:13:30","slug":"cockpit","status":"publish","type":"page","link":"https:\/\/www.cjs.ch\/de\/unsere-werkzeuge\/cockpit\/","title":{"rendered":"Cockpit"},"content":{"rendered":"\n\n\t<section class=\"section dark has-parallax\" id=\"section_926011134\">\n\t\t<div class=\"section-bg fill\" data-parallax-container=\".section\" data-parallax-background data-parallax=\"-3\">\n\t\t\t<img loading=\"lazy\" decoding=\"async\" width=\"1920\" height=\"1080\" src=\"https:\/\/www.cjs.ch\/wp-content\/uploads\/2024\/12\/2.png\" class=\"bg attachment-original size-original\" alt=\"\" \/>\t\t\t\t\t\t<div class=\"section-bg-overlay absolute fill\"><\/div>\n\t\t\t\n\t<div class=\"is-border\"\n\t\tstyle=\"border-width:1px 0px 1px 0px;\">\n\t<\/div>\n\n\t\t<\/div>\n\n\t\t\n\n\t\t<div class=\"section-content relative\">\n\t\t\t\n\n<div class=\"row row-large align-middle\"  id=\"row-1871763393\">\n\n\n\t<div id=\"col-1130407574\" class=\"col medium-6 small-12 large-6\"  data-animate=\"bounceIn\">\n\t\t\t\t<div class=\"col-inner\"  >\n\t\t\t\n\t\t\t\n\n\t<div id=\"text-1175237940\" class=\"text\">\n\t\t\n\n<h2>Cockpit<\/h2>\n<h3 class=\"thin-font\">St\u00e4ndiger Zugang zu Ihren Akten bis ins kleinste Detail.<\/h3>\n\t\t\n<style>\n#text-1175237940 {\n  line-height: 1.1;\n}\n<\/style>\n\t<\/div>\n\t\n\n\t\t<\/div>\n\t\t\t\t\n<style>\n#col-1130407574 > .col-inner {\n  padding: 30px 30px 30px 30px;\n}\n<\/style>\n\t<\/div>\n\n\t\n\n\t<div id=\"col-1751743845\" class=\"col medium-6 small-12 large-6\"  >\n\t\t\t\t<div class=\"col-inner text-left\"  >\n\t\t\t\n\t\t\t\n\n\n\t\t<\/div>\n\t\t\t\t\t<\/div>\n\n\t\n\n<\/div>\n\n\t\t<\/div>\n\n\t\t\n<style>\n#section_926011134 {\n  padding-top: 30px;\n  padding-bottom: 30px;\n  min-height: 600px;\n}\n#section_926011134 .section-bg-overlay {\n  background-color: rgba(0, 0, 0, 0.279);\n}\n<\/style>\n\t<\/section>\n\t\n\n\t<section class=\"section has-mask mask-angled-right-large\" id=\"section_1102601042\">\n\t\t<div class=\"section-bg fill\" >\n\t\t\t\t\t\t\t\t\t\n\t\t\t\n\n\t\t<\/div>\n\n\t\t\n\n\t\t<div class=\"section-content relative\">\n\t\t\t\n\n<div class=\"row row-collapse align-middle\"  id=\"row-1197906449\">\n\n\n\t<div id=\"col-283333915\" class=\"col large-12\"  >\n\t\t\t\t<div class=\"col-inner\"  >\n\t\t\t\n\t\t\t\n\n\n\t\t<div class=\"icon-box featured-box icon-box-top text-left\"  >\n\t\t\t\t\t<div class=\"icon-box-img\" style=\"width: 98px\">\n\t\t\t\t<div class=\"icon\">\n\t\t\t\t\t<div class=\"icon-inner\" >\n\t\t\t\t\t\t<img loading=\"lazy\" decoding=\"async\" width=\"64\" height=\"64\" src=\"https:\/\/www.cjs.ch\/wp-content\/uploads\/2024\/12\/6-Cockpit.svg\" class=\"attachment-medium size-medium\" alt=\"\" \/>\t\t\t\t\t<\/div>\n\t\t\t\t<\/div>\n\t\t\t<\/div>\n\t\t\t\t<div class=\"icon-box-text last-reset\">\n\t\t\t\t\t\t\t\t\t\n\n\n\t\t<\/div>\n\t<\/div>\n\t\n\t\n<h2>Cockpit<\/h2>\n<p><strong>Verfolgen Sie die Bearbeitung Ihrer F\u00e4lle in Echtzeit.<\/strong><\/p>\n<p>Unser Tool ist einzigartig auf dem Markt und vereinfacht Ihre Nachbereitung, spart Ihnen Zeit, senkt Ihre Kosten und erh\u00f6ht Ihre Erfolgschancen.<\/p>\n<p><strong>Verfolgen Sie den Fortschritt jedes Ihrer F\u00e4lle:<\/strong><\/p>\n<ul>\n<li>Einzelheiten zu allen unternommenen Schritten<\/li>\n<li>Detaillierte Angaben zu den geforderten Betr\u00e4gen<\/li>\n<li>Kopien der empfangenen und gesendeten Korrespondenz<\/li>\n<li>Liste der Raten<\/li>\n<li>\u00dcberwachung von Zahlungspl\u00e4nen<\/li>\n<li>Eingereichte Verfahren<\/li>\n<li>Kosten und Geb\u00fchren<\/li>\n<\/ul>\n<p><strong>Aber auch :<\/strong><\/p>\n<ul>\n<li>Direkte Nachrichten\u00fcbermittlung an Ihren Manager (96% der Nachrichten werden in weniger als 2 Stunden bearbeitet)<\/li>\n<li>Anlegen neuer Ordner<\/li>\n<li>Gemeinsame Nutzung von Dokumenten<\/li>\n<li>Liste der F\u00e4lle, die auf Informationen von Ihnen warten<\/li>\n<li>Zahlungsank\u00fcndigungen<\/li>\n<li>Schlie\u00dfung von Akten<\/li>\n<li>Erweiterte Sortier- und Suchfunktionen<\/li>\n<li>Erstellung verschiedener Listen (XLS, PDF, ODS, CSV)<\/li>\n<li>Monatliche Abrechnungen und Rechnungen der letzten 6 Monate<\/li>\n<\/ul>\n\n\t\t<\/div>\n\t\t\t\t\n<style>\n#col-283333915 > .col-inner {\n  padding: 60px 60px 60px 60px;\n}\n<\/style>\n\t<\/div>\n\n\t\n\n<\/div>\n\n\t\t<\/div>\n\n\t\t\n<style>\n#section_1102601042 {\n  padding-top: 60px;\n  padding-bottom: 60px;\n  background-color: rgb(255,255,255);\n}\n<\/style>\n\t<\/section>\n\t\n\n\t<section class=\"section\" id=\"section_251703758\">\n\t\t<div class=\"section-bg fill\" >\n\t\t\t\t\t\t\t\t\t<div class=\"section-bg-overlay absolute fill\"><\/div>\n\t\t\t\n\n\t\t<\/div>\n\n\t\t\n\n\t\t<div class=\"section-content relative\">\n\t\t\t\n\n<div class=\"row row-large align-middle\"  id=\"row-794861835\">\n\n\n\t<div id=\"col-23755668\" class=\"col medium-6 small-12 large-6\"  >\n\t\t\t\t<div class=\"col-inner text-left\"  >\n\t\t\t\n\t\t\t\n\n<h2><strong>COUNTMASTER<\/strong><\/h2>\n<p>Sch\u00e4tzen Sie die Kosten eines Rechtsstreits.<br>Unser Tool sch\u00e4tzt zuverl\u00e4ssig Ihre Erfolgsaussichten und die Kosten im Falle eines Rechtsstreits.<\/p>\n<a href=\"https:\/\/www.cjs.ch\/de\/unsere-werkzeuge\/countmaster\/\" class=\"button primary is-underline lowercase\"  >\n\t\t<span>Entdecken Sie<\/span>\n\t<\/a>\n\n\n\n\t\t<\/div>\n\t\t\t\t\t<\/div>\n\n\t\n\n\t<div id=\"col-775576055\" class=\"col medium-6 small-12 large-6\"  >\n\t\t\t\t<div class=\"col-inner\"  >\n\t\t\t\n\t\t\t\n\n\t<div class=\"img has-hover x md-x lg-x y md-y lg-y\" id=\"image_1335556916\">\n\t\t\t\t\t\t\t\t<div class=\"img-inner dark\" >\n\t\t\t<img loading=\"lazy\" decoding=\"async\" width=\"1020\" height=\"629\" src=\"https:\/\/www.cjs.ch\/wp-content\/uploads\/2018\/01\/greenlight_presentation-2-1030x635.png\" class=\"attachment-large size-large\" alt=\"\" srcset=\"https:\/\/www.cjs.ch\/wp-content\/uploads\/2018\/01\/greenlight_presentation-2-1030x635.png 1030w, https:\/\/www.cjs.ch\/wp-content\/uploads\/2018\/01\/greenlight_presentation-2-300x185.png 300w, https:\/\/www.cjs.ch\/wp-content\/uploads\/2018\/01\/greenlight_presentation-2-768x473.png 768w, https:\/\/www.cjs.ch\/wp-content\/uploads\/2018\/01\/greenlight_presentation-2-1500x924.png 1500w, https:\/\/www.cjs.ch\/wp-content\/uploads\/2018\/01\/greenlight_presentation-2-705x434.png 705w, https:\/\/www.cjs.ch\/wp-content\/uploads\/2018\/01\/greenlight_presentation-2-450x277.png 450w\" sizes=\"auto, (max-width: 1020px) 100vw, 1020px\" \/>\t\t\t\t\t\t\n\t\t\t\t\t<\/div>\n\t\t\t\t\t\t\t\t\n<style>\n#image_1335556916 {\n  width: 100%;\n}\n<\/style>\n\t<\/div>\n\t\n\n\n\t\t<\/div>\n\t\t\t\t\t<\/div>\n\n\t\n\n<\/div>\n\n\t\t<\/div>\n\n\t\t\n<style>\n#section_251703758 {\n  padding-top: 60px;\n  padding-bottom: 60px;\n  background-color: rgb(255, 255, 255);\n}\n#section_251703758 .section-bg-overlay {\n  background-color: rgba(255, 255, 255, 0.85);\n}\n<\/style>\n\t<\/section>\n\t\n\n","protected":false},"excerpt":{"rendered":"","protected":false},"author":1,"featured_media":0,"parent":5789,"menu_order":0,"comment_status":"closed","ping_status":"closed","template":"page-blank.php","meta":{"footnotes":""},"class_list":["post-5871","page","type-page","status-publish","hentry"],"_links":{"self":[{"href":"https:\/\/www.cjs.ch\/de\/wp-json\/wp\/v2\/pages\/5871","targetHints":{"allow":["GET"]}}],"collection":[{"href":"https:\/\/www.cjs.ch\/de\/wp-json\/wp\/v2\/pages"}],"about":[{"href":"https:\/\/www.cjs.ch\/de\/wp-json\/wp\/v2\/types\/page"}],"author":[{"embeddable":true,"href":"https:\/\/www.cjs.ch\/de\/wp-json\/wp\/v2\/users\/1"}],"replies":[{"embeddable":true,"href":"https:\/\/www.cjs.ch\/de\/wp-json\/wp\/v2\/comments?post=5871"}],"version-history":[{"count":3,"href":"https:\/\/www.cjs.ch\/de\/wp-json\/wp\/v2\/pages\/5871\/revisions"}],"predecessor-version":[{"id":5941,"href":"https:\/\/www.cjs.ch\/de\/wp-json\/wp\/v2\/pages\/5871\/revisions\/5941"}],"up":[{"embeddable":true,"href":"https:\/\/www.cjs.ch\/de\/wp-json\/wp\/v2\/pages\/5789"}],"wp:attachment":[{"href":"https:\/\/www.cjs.ch\/de\/wp-json\/wp\/v2\/media?parent=5871"}],"curies":[{"name":"wp","href":"https:\/\/api.w.org\/{rel}","templated":true}]}}